{"id":756,"date":"2024-09-08T08:24:21","date_gmt":"2024-09-08T06:24:21","guid":{"rendered":"https:\/\/lasersko-pjeskarenje.com\/cart\/"},"modified":"2024-12-15T10:34:50","modified_gmt":"2024-12-15T09:34:50","slug":"cart","status":"publish","type":"page","link":"https:\/\/lasersko-pjeskarenje.com\/en\/cart\/","title":{"rendered":"Cart"},"content":{"rendered":"\n<div data-block-name=\"woocommerce\/cart\" class=\"wp-block-woocommerce-cart alignwide is-loading\">\n<div data-block-name=\"woocommerce\/filled-cart-block\" class=\"wp-block-woocommerce-filled-cart-block\">\n<div data-block-name=\"woocommerce\/cart-items-block\" class=\"wp-block-woocommerce-cart-items-block\">\n<div data-block-name=\"woocommerce\/cart-line-items-block\" class=\"wp-block-woocommerce-cart-line-items-block\"><\/div>\n\n\n\n<div data-block-name=\"woocommerce\/cart-cross-sells-block\" class=\"wp-block-woocommerce-cart-cross-sells-block\">\n<h2 class=\"wp-block-heading has-large-font-size\">You may be interested in\u2026<\/h2>\n\n\n\n<div data-block-name=\"woocommerce\/cart-cross-sells-products-block\" class=\"wp-block-woocommerce-cart-cross-sells-products-block\"><\/div>\n<\/div>\n<\/div>\n\n\n\n<div data-block-name=\"woocommerce\/cart-totals-block\" class=\"wp-block-woocommerce-cart-totals-block\">\n<div data-block-name=\"woocommerce\/cart-order-summary-block\" class=\"wp-block-woocommerce-cart-order-summary-block\">\n<div data-block-name=\"woocommerce\/cart-order-summary-heading-block\" class=\"wp-block-woocommerce-cart-order-summary-heading-block\"><\/div><div data-block-name=\"woocommerce\/cart-order-summary-coupon-form-block\" class=\"wp-block-woocommerce-cart-order-summary-coupon-form-block\"><\/div><div data-block-name=\"woocommerce\/cart-order-summary-totals-block\" class=\"wp-block-woocommerce-cart-order-summary-totals-block\">\n<div data-block-name=\"woocommerce\/cart-order-summary-subtotal-block\" class=\"wp-block-woocommerce-cart-order-summary-subtotal-block\"><\/div>\n<div data-block-name=\"woocommerce\/cart-order-summary-discount-block\" class=\"wp-block-woocommerce-cart-order-summary-discount-block\"><\/div>\n<div data-block-name=\"woocommerce\/cart-order-summary-fee-block\" class=\"wp-block-woocommerce-cart-order-summary-fee-block\"><\/div>\n<div data-block-name=\"woocommerce\/cart-order-summary-shipping-block\" class=\"wp-block-woocommerce-cart-order-summary-shipping-block\"><\/div>\n<div data-block-name=\"woocommerce\/cart-order-summary-taxes-block\" class=\"wp-block-woocommerce-cart-order-summary-taxes-block\"><\/div><\/div>\n<\/div>\n\n\n\n<div data-block-name=\"woocommerce\/cart-express-payment-block\" class=\"wp-block-woocommerce-cart-express-payment-block\"><\/div>\n\n\n\n<div data-block-name=\"woocommerce\/proceed-to-checkout-block\" class=\"wp-block-woocommerce-proceed-to-checkout-block\"><\/div>\n\n\n\n<div data-block-name=\"woocommerce\/cart-accepted-payment-methods-block\" class=\"wp-block-woocommerce-cart-accepted-payment-methods-block\"><\/div>\n<\/div>\n<\/div>\n\n\n\n<div data-block-name=\"woocommerce\/empty-cart-block\" class=\"wp-block-woocommerce-empty-cart-block\">\n<h2 class=\"wp-block-heading has-text-align-center with-empty-cart-icon wc-block-cart__empty-cart__title\">Your cart is currently empty!<\/h2>\n\n\n\n<hr class=\"wp-block-separator has-alpha-channel-opacity is-style-dots\"\/>\n\n\n\n<h2 class=\"wp-block-heading has-text-align-center\">New in store<\/h2>\n\n\n<div data-block-name=\"woocommerce\/product-new\" data-columns=\"4\" data-rows=\"1\" class=\"wc-block-grid wp-block-product-new wp-block-woocommerce-product-new wc-block-product-new has-4-columns\"><ul class=\"wc-block-grid__products\"><li class=\"wc-block-grid__product\">\n\t\t\t\t<a href=\"https:\/\/lasersko-pjeskarenje.com\/en\/product\/pulse-laser-cleaner-200-w\/\" class=\"wc-block-grid__product-link\">\n\t\t\t\t\t\n\t\t\t\t\t<div class=\"wc-block-grid__product-image\"><img loading=\"lazy\" decoding=\"async\" width=\"600\" height=\"600\" src=\"https:\/\/lasersko-pjeskarenje.com\/wp-content\/uploads\/2025\/04\/6-1-600x600.avif\" class=\"attachment-woocommerce_thumbnail size-woocommerce_thumbnail\" alt=\"Pulsni laser za \u010di\u0161\u0107enje od 200\/300\/500 W\" srcset=\"https:\/\/lasersko-pjeskarenje.com\/wp-content\/uploads\/2025\/04\/6-1-600x600.avif 600w, https:\/\/lasersko-pjeskarenje.com\/wp-content\/uploads\/2025\/04\/6-1-300x300.avif 300w, https:\/\/lasersko-pjeskarenje.com\/wp-content\/uploads\/2025\/04\/6-1-150x150.avif 150w, https:\/\/lasersko-pjeskarenje.com\/wp-content\/uploads\/2025\/04\/6-1-100x100.avif 100w, https:\/\/lasersko-pjeskarenje.com\/wp-content\/uploads\/2025\/04\/6-1.avif 750w\" sizes=\"auto, (max-width: 600px) 100vw, 600px\" \/><\/div>\n\t\t\t\t\t<div class=\"wc-block-grid__product-title\">Pulse laser cleaner 200 W<\/div>\n\t\t\t\t<\/a>\n\t\t\t\t<div class=\"wc-block-grid__product-price price\"><span class=\"woocommerce-Price-amount amount\">10.400,00&nbsp;<span class=\"woocommerce-Price-currencySymbol\">&euro;<\/span><\/span><\/div>\n\t\t\t\t\n\t\t\t\t<div class=\"wp-block-button wc-block-grid__product-add-to-cart\"><a href=\"\/en\/wp-json\/wp\/v2\/pages\/756?add-to-cart=1083\" aria-label=\"Add to cart: &ldquo;Pulse laser cleaner 200 W&rdquo;\" data-quantity=\"1\" data-product_id=\"1083\" data-product_sku=\"\" data-price=\"10400\" rel=\"nofollow\" class=\"wp-block-button__link  add_to_cart_button ajax_add_to_cart\">Add to cart<\/a><\/div>\n\t\t\t<\/li><li class=\"wc-block-grid__product\">\n\t\t\t\t<a href=\"https:\/\/lasersko-pjeskarenje.com\/en\/product\/pulse-laser-cleaner-300-w\/\" class=\"wc-block-grid__product-link\">\n\t\t\t\t\t\n\t\t\t\t\t<div class=\"wc-block-grid__product-image\"><img loading=\"lazy\" decoding=\"async\" width=\"600\" height=\"600\" src=\"https:\/\/lasersko-pjeskarenje.com\/wp-content\/uploads\/2025\/04\/6-1-600x600.avif\" class=\"attachment-woocommerce_thumbnail size-woocommerce_thumbnail\" alt=\"Pulsni laser za \u010di\u0161\u0107enje od 200\/300\/500 W\" srcset=\"https:\/\/lasersko-pjeskarenje.com\/wp-content\/uploads\/2025\/04\/6-1-600x600.avif 600w, https:\/\/lasersko-pjeskarenje.com\/wp-content\/uploads\/2025\/04\/6-1-300x300.avif 300w, https:\/\/lasersko-pjeskarenje.com\/wp-content\/uploads\/2025\/04\/6-1-150x150.avif 150w, https:\/\/lasersko-pjeskarenje.com\/wp-content\/uploads\/2025\/04\/6-1-100x100.avif 100w, https:\/\/lasersko-pjeskarenje.com\/wp-content\/uploads\/2025\/04\/6-1.avif 750w\" sizes=\"auto, (max-width: 600px) 100vw, 600px\" \/><\/div>\n\t\t\t\t\t<div class=\"wc-block-grid__product-title\">Pulse laser cleaner 300 W<\/div>\n\t\t\t\t<\/a>\n\t\t\t\t<div class=\"wc-block-grid__product-price price\"><span class=\"woocommerce-Price-amount amount\">11.300,00&nbsp;<span class=\"woocommerce-Price-currencySymbol\">&euro;<\/span><\/span><\/div>\n\t\t\t\t\n\t\t\t\t<div class=\"wp-block-button wc-block-grid__product-add-to-cart\"><a href=\"\/en\/wp-json\/wp\/v2\/pages\/756?add-to-cart=902\" aria-label=\"Add to cart: &ldquo;Pulse laser cleaner 300 W&rdquo;\" data-quantity=\"1\" data-product_id=\"902\" data-product_sku=\"\" data-price=\"11300\" rel=\"nofollow\" class=\"wp-block-button__link  add_to_cart_button ajax_add_to_cart\">Add to cart<\/a><\/div>\n\t\t\t<\/li><li class=\"wc-block-grid__product\">\n\t\t\t\t<a href=\"https:\/\/lasersko-pjeskarenje.com\/en\/product\/3000w-laser-cleaning-machine\/\" class=\"wc-block-grid__product-link\">\n\t\t\t\t\t\n\t\t\t\t\t<div class=\"wc-block-grid__product-image\"><img loading=\"lazy\" decoding=\"async\" width=\"600\" height=\"600\" src=\"https:\/\/lasersko-pjeskarenje.com\/wp-content\/uploads\/2025\/05\/3000-1-1-600x600.avif\" class=\"attachment-woocommerce_thumbnail size-woocommerce_thumbnail\" alt=\"Laser za \u010di\u0161\u0107enje od 3000W kontinuirani\" srcset=\"https:\/\/lasersko-pjeskarenje.com\/wp-content\/uploads\/2025\/05\/3000-1-1-600x600.avif 600w, https:\/\/lasersko-pjeskarenje.com\/wp-content\/uploads\/2025\/05\/3000-1-1-300x300.avif 300w, https:\/\/lasersko-pjeskarenje.com\/wp-content\/uploads\/2025\/05\/3000-1-1-150x150.avif 150w, https:\/\/lasersko-pjeskarenje.com\/wp-content\/uploads\/2025\/05\/3000-1-1-100x100.avif 100w, https:\/\/lasersko-pjeskarenje.com\/wp-content\/uploads\/2025\/05\/3000-1-1.avif 700w\" sizes=\"auto, (max-width: 600px) 100vw, 600px\" \/><\/div>\n\t\t\t\t\t<div class=\"wc-block-grid__product-title\">3000W Laser Cleaning Machine<\/div>\n\t\t\t\t<\/a>\n\t\t\t\t<div class=\"wc-block-grid__product-price price\"><span class=\"woocommerce-Price-amount amount\">11.465,00&nbsp;<span class=\"woocommerce-Price-currencySymbol\">&euro;<\/span><\/span><\/div>\n\t\t\t\t\n\t\t\t\t<div class=\"wp-block-button wc-block-grid__product-add-to-cart\"><a href=\"\/en\/wp-json\/wp\/v2\/pages\/756?add-to-cart=890\" aria-label=\"Add to cart: &ldquo;3000W Laser Cleaning Machine&rdquo;\" data-quantity=\"1\" data-product_id=\"890\" data-product_sku=\"\" data-price=\"11465\" rel=\"nofollow\" class=\"wp-block-button__link  add_to_cart_button ajax_add_to_cart\">Add to cart<\/a><\/div>\n\t\t\t<\/li><li class=\"wc-block-grid__product\">\n\t\t\t\t<a href=\"https:\/\/lasersko-pjeskarenje.com\/en\/product\/2000w-laser-cleaning-machine\/\" class=\"wc-block-grid__product-link\">\n\t\t\t\t\t\n\t\t\t\t\t<div class=\"wc-block-grid__product-image\"><img loading=\"lazy\" decoding=\"async\" width=\"600\" height=\"600\" src=\"https:\/\/lasersko-pjeskarenje.com\/wp-content\/uploads\/2025\/04\/3-4-600x600.avif\" class=\"attachment-woocommerce_thumbnail size-woocommerce_thumbnail\" alt=\"Laser za \u010di\u0161\u0107enje od 2000\/3000W kontinuirani\" srcset=\"https:\/\/lasersko-pjeskarenje.com\/wp-content\/uploads\/2025\/04\/3-4-600x600.avif 600w, https:\/\/lasersko-pjeskarenje.com\/wp-content\/uploads\/2025\/04\/3-4-300x300.avif 300w, https:\/\/lasersko-pjeskarenje.com\/wp-content\/uploads\/2025\/04\/3-4-150x150.avif 150w, https:\/\/lasersko-pjeskarenje.com\/wp-content\/uploads\/2025\/04\/3-4-100x100.avif 100w, https:\/\/lasersko-pjeskarenje.com\/wp-content\/uploads\/2025\/04\/3-4.avif 750w\" sizes=\"auto, (max-width: 600px) 100vw, 600px\" \/><\/div>\n\t\t\t\t\t<div class=\"wc-block-grid__product-title\">2000W Laser Cleaning Machine continued<\/div>\n\t\t\t\t<\/a>\n\t\t\t\t<div class=\"wc-block-grid__product-price price\"><span class=\"woocommerce-Price-amount amount\">10.840,00&nbsp;<span class=\"woocommerce-Price-currencySymbol\">&euro;<\/span><\/span><\/div>\n\t\t\t\t\n\t\t\t\t<div class=\"wp-block-button wc-block-grid__product-add-to-cart\"><a href=\"\/en\/wp-json\/wp\/v2\/pages\/756?add-to-cart=876\" aria-label=\"Add to cart: &ldquo;2000W Laser Cleaning Machine continued&rdquo;\" data-quantity=\"1\" data-product_id=\"876\" data-product_sku=\"\" data-price=\"10840\" rel=\"nofollow\" class=\"wp-block-button__link  add_to_cart_button ajax_add_to_cart\">Add to cart<\/a><\/div>\n\t\t\t<\/li><\/ul><\/div><\/div>\n<\/div>\n","protected":false},"excerpt":{"rendered":"","protected":false},"author":1,"featured_media":0,"parent":0,"menu_order":20,"comment_status":"closed","ping_status":"closed","template":"","meta":{"_acf_changed":false,"inline_featured_image":false,"footnotes":""},"class_list":["post-756","page","type-page","status-publish","hentry"],"acf":[],"yoast_head":"<!-- This site is optimized with the Yoast SEO plugin v27.1.1 - https:\/\/yoast.com\/product\/yoast-seo-wordpress\/ -->\n<title>Cart - Brilliant lasersko \u010di\u0161\u0107enje \/ pjeskarenje<\/title>\n<meta name=\"robots\" content=\"index, follow, max-snippet:-1, max-image-preview:large, max-video-preview:-1\" \/>\n<link rel=\"canonical\" href=\"https:\/\/lasersko-pjeskarenje.com\/en\/cart\/\" \/>\n<meta property=\"og:locale\" content=\"en_US\" \/>\n<meta property=\"og:type\" content=\"article\" \/>\n<meta property=\"og:title\" content=\"Cart - Brilliant lasersko \u010di\u0161\u0107enje \/ pjeskarenje\" \/>\n<meta property=\"og:url\" content=\"https:\/\/lasersko-pjeskarenje.com\/en\/cart\/\" \/>\n<meta property=\"og:site_name\" content=\"Brilliant lasersko \u010di\u0161\u0107enje \/ pjeskarenje\" \/>\n<meta property=\"article:modified_time\" content=\"2024-12-15T09:34:50+00:00\" \/>\n<meta name=\"twitter:card\" content=\"summary_large_image\" \/>\n<script type=\"application\/ld+json\" class=\"yoast-schema-graph\">{\"@context\":\"https:\/\/schema.org\",\"@graph\":[{\"@type\":\"WebPage\",\"@id\":\"https:\/\/lasersko-pjeskarenje.com\/en\/cart\/\",\"url\":\"https:\/\/lasersko-pjeskarenje.com\/en\/cart\/\",\"name\":\"Cart - Brilliant lasersko \u010di\u0161\u0107enje \/ pjeskarenje\",\"isPartOf\":{\"@id\":\"https:\/\/lasersko-pjeskarenje.com\/#website\"},\"datePublished\":\"2024-09-08T06:24:21+00:00\",\"dateModified\":\"2024-12-15T09:34:50+00:00\",\"breadcrumb\":{\"@id\":\"https:\/\/lasersko-pjeskarenje.com\/en\/cart\/#breadcrumb\"},\"inLanguage\":\"en-US\",\"potentialAction\":[{\"@type\":\"ReadAction\",\"target\":[\"https:\/\/lasersko-pjeskarenje.com\/en\/cart\/\"]}]},{\"@type\":\"BreadcrumbList\",\"@id\":\"https:\/\/lasersko-pjeskarenje.com\/en\/cart\/#breadcrumb\",\"itemListElement\":[{\"@type\":\"ListItem\",\"position\":1,\"name\":\"Home\",\"item\":\"https:\/\/lasersko-pjeskarenje.com\/en\/\"},{\"@type\":\"ListItem\",\"position\":2,\"name\":\"Cart\"}]},{\"@type\":\"WebSite\",\"@id\":\"https:\/\/lasersko-pjeskarenje.com\/#website\",\"url\":\"https:\/\/lasersko-pjeskarenje.com\/\",\"name\":\"Brilliant lasersko \u010di\u0161\u0107enje \/ pjeskarenje\",\"description\":\"Rije\u0161enja za lasersko \u010di\u0161\u0107enje\",\"publisher\":{\"@id\":\"https:\/\/lasersko-pjeskarenje.com\/#organization\"},\"potentialAction\":[{\"@type\":\"SearchAction\",\"target\":{\"@type\":\"EntryPoint\",\"urlTemplate\":\"https:\/\/lasersko-pjeskarenje.com\/?s={search_term_string}\"},\"query-input\":{\"@type\":\"PropertyValueSpecification\",\"valueRequired\":true,\"valueName\":\"search_term_string\"}}],\"inLanguage\":\"en-US\"},{\"@type\":\"Organization\",\"@id\":\"https:\/\/lasersko-pjeskarenje.com\/#organization\",\"name\":\"Briliant lasersko \u010di\u0161\u0107enje\",\"url\":\"https:\/\/lasersko-pjeskarenje.com\/\",\"logo\":{\"@type\":\"ImageObject\",\"inLanguage\":\"en-US\",\"@id\":\"https:\/\/lasersko-pjeskarenje.com\/#\/schema\/logo\/image\/\",\"url\":\"https:\/\/lasersko-pjeskarenje.com\/wp-content\/uploads\/2024\/09\/logo4-1.svg\",\"contentUrl\":\"https:\/\/lasersko-pjeskarenje.com\/wp-content\/uploads\/2024\/09\/logo4-1.svg\",\"width\":123,\"height\":150,\"caption\":\"Briliant lasersko \u010di\u0161\u0107enje\"},\"image\":{\"@id\":\"https:\/\/lasersko-pjeskarenje.com\/#\/schema\/logo\/image\/\"},\"sameAs\":[\"https:\/\/www.youtube.com\/@Laserskopjeskarenje\"]}]}<\/script>\n<!-- \/ Yoast SEO plugin. -->","yoast_head_json":{"title":"Cart - Brilliant lasersko \u010di\u0161\u0107enje \/ pjeskarenje","robots":{"index":"index","follow":"follow","max-snippet":"max-snippet:-1","max-image-preview":"max-image-preview:large","max-video-preview":"max-video-preview:-1"},"canonical":"https:\/\/lasersko-pjeskarenje.com\/en\/cart\/","og_locale":"en_US","og_type":"article","og_title":"Cart - Brilliant lasersko \u010di\u0161\u0107enje \/ pjeskarenje","og_url":"https:\/\/lasersko-pjeskarenje.com\/en\/cart\/","og_site_name":"Brilliant lasersko \u010di\u0161\u0107enje \/ pjeskarenje","article_modified_time":"2024-12-15T09:34:50+00:00","twitter_card":"summary_large_image","schema":{"@context":"https:\/\/schema.org","@graph":[{"@type":"WebPage","@id":"https:\/\/lasersko-pjeskarenje.com\/en\/cart\/","url":"https:\/\/lasersko-pjeskarenje.com\/en\/cart\/","name":"Cart - Brilliant lasersko \u010di\u0161\u0107enje \/ pjeskarenje","isPartOf":{"@id":"https:\/\/lasersko-pjeskarenje.com\/#website"},"datePublished":"2024-09-08T06:24:21+00:00","dateModified":"2024-12-15T09:34:50+00:00","breadcrumb":{"@id":"https:\/\/lasersko-pjeskarenje.com\/en\/cart\/#breadcrumb"},"inLanguage":"en-US","potentialAction":[{"@type":"ReadAction","target":["https:\/\/lasersko-pjeskarenje.com\/en\/cart\/"]}]},{"@type":"BreadcrumbList","@id":"https:\/\/lasersko-pjeskarenje.com\/en\/cart\/#breadcrumb","itemListElement":[{"@type":"ListItem","position":1,"name":"Home","item":"https:\/\/lasersko-pjeskarenje.com\/en\/"},{"@type":"ListItem","position":2,"name":"Cart"}]},{"@type":"WebSite","@id":"https:\/\/lasersko-pjeskarenje.com\/#website","url":"https:\/\/lasersko-pjeskarenje.com\/","name":"Brilliant lasersko \u010di\u0161\u0107enje \/ pjeskarenje","description":"Rije\u0161enja za lasersko \u010di\u0161\u0107enje","publisher":{"@id":"https:\/\/lasersko-pjeskarenje.com\/#organization"},"potentialAction":[{"@type":"SearchAction","target":{"@type":"EntryPoint","urlTemplate":"https:\/\/lasersko-pjeskarenje.com\/?s={search_term_string}"},"query-input":{"@type":"PropertyValueSpecification","valueRequired":true,"valueName":"search_term_string"}}],"inLanguage":"en-US"},{"@type":"Organization","@id":"https:\/\/lasersko-pjeskarenje.com\/#organization","name":"Briliant lasersko \u010di\u0161\u0107enje","url":"https:\/\/lasersko-pjeskarenje.com\/","logo":{"@type":"ImageObject","inLanguage":"en-US","@id":"https:\/\/lasersko-pjeskarenje.com\/#\/schema\/logo\/image\/","url":"https:\/\/lasersko-pjeskarenje.com\/wp-content\/uploads\/2024\/09\/logo4-1.svg","contentUrl":"https:\/\/lasersko-pjeskarenje.com\/wp-content\/uploads\/2024\/09\/logo4-1.svg","width":123,"height":150,"caption":"Briliant lasersko \u010di\u0161\u0107enje"},"image":{"@id":"https:\/\/lasersko-pjeskarenje.com\/#\/schema\/logo\/image\/"},"sameAs":["https:\/\/www.youtube.com\/@Laserskopjeskarenje"]}]}},"_links":{"self":[{"href":"https:\/\/lasersko-pjeskarenje.com\/en\/wp-json\/wp\/v2\/pages\/756","targetHints":{"allow":["GET"]}}],"collection":[{"href":"https:\/\/lasersko-pjeskarenje.com\/en\/wp-json\/wp\/v2\/pages"}],"about":[{"href":"https:\/\/lasersko-pjeskarenje.com\/en\/wp-json\/wp\/v2\/types\/page"}],"author":[{"embeddable":true,"href":"https:\/\/lasersko-pjeskarenje.com\/en\/wp-json\/wp\/v2\/users\/1"}],"replies":[{"embeddable":true,"href":"https:\/\/lasersko-pjeskarenje.com\/en\/wp-json\/wp\/v2\/comments?post=756"}],"version-history":[{"count":0,"href":"https:\/\/lasersko-pjeskarenje.com\/en\/wp-json\/wp\/v2\/pages\/756\/revisions"}],"wp:attachment":[{"href":"https:\/\/lasersko-pjeskarenje.com\/en\/wp-json\/wp\/v2\/media?parent=756"}],"curies":[{"name":"wp","href":"https:\/\/api.w.org\/{rel}","templated":true}]}}