{"id":1022,"date":"2025-04-14T08:11:15","date_gmt":"2025-04-14T06:11:15","guid":{"rendered":"https:\/\/lasersko-pjeskarenje.com\/?post_type=product&#038;p=1022"},"modified":"2025-07-14T08:29:19","modified_gmt":"2025-07-14T06:29:19","slug":"puls-laserreinigungsgeraet-mit-200-300-500-w","status":"publish","type":"product","link":"https:\/\/lasersko-pjeskarenje.com\/en\/product\/puls-laserreinigungsgeraet-mit-200-300-500-w\/","title":{"rendered":"Puls-Laserreinigungsger\u00e4t mit 200\/300\/500 W"},"content":{"rendered":"<p><strong>Laserreinigungsger\u00e4t 200\/300\/500 W mit Wasserk\u00fchlung<\/strong> verf\u00fcgt \u00fcber ein kompaktes Design und eine leichte Konstruktion mit einem einziehbaren Reinigungskopf. Der Reinigungskopf kann im Geh\u00e4use verstaut werden, was Platz spart und den Transport erleichtert.<\/p>\n<p>Das Laserreinigungsger\u00e4t mit 200\/300\/500 W eignet sich zur Entfernung von Rost, \u00d6lflecken, Graffiti, Beschichtungen usw. Es wird h\u00e4ufig bei Autoreparaturen, der Reinigung kultureller Relikte, von Steinen, Maschinenteilen und vielem mehr eingesetzt.<\/p>\n<p>Ob f\u00fcr industrielle Reinigungsaufgaben oder pr\u00e4zise Oberfl\u00e4chenbehandlungen \u2013 unser Laser-Rostreiniger \u00fcberzeugt durch Effizienz, Mobilit\u00e4t und benutzerfreundliches Design.<\/p>\n","protected":false},"excerpt":{"rendered":"<p><strong>Gepulster Laserreiniger 200\/300\/500 W mit Reinigungskopf \u2013 Wasserk\u00fchlung<\/strong>.<br \/>\nDer Laserreiniger entfernt schnell starken Rost, \u00d6lflecken, Farbe und Graffiti von Metalloberfl\u00e4chen und liefert hervorragende Reinigungsergebnisse. Dieser kompakte Laser-Rostreiniger besticht durch ein platzsparendes Design mit einem einziehbaren Reinigungskopf, der eine praktische Aufbewahrung im Geh\u00e4use erm\u00f6glicht.<\/p>\n","protected":false},"featured_media":1006,"comment_status":"closed","ping_status":"closed","template":"","meta":{"_acf_changed":false,"inline_featured_image":false},"product_brand":[],"product_cat":[20],"product_tag":[],"class_list":{"0":"post-1022","1":"product","2":"type-product","3":"status-publish","4":"has-post-thumbnail","6":"product_cat-laserski-strojevi-za-ciscenje","8":"first","9":"instock","10":"shipping-taxable","11":"product-type-simple"},"acf":[],"yoast_head":"<!-- This site is optimized with the Yoast SEO plugin v27.1.1 - https:\/\/yoast.com\/product\/yoast-seo-wordpress\/ -->\n<title>Puls-Laserreinigungsger\u00e4t mit 200\/300\/500 W - Brilliant lasersko \u010di\u0161\u0107enje \/ pjeskarenje<\/title>\n<meta name=\"robots\" content=\"index, follow, max-snippet:-1, max-image-preview:large, max-video-preview:-1\" \/>\n<link rel=\"canonical\" href=\"https:\/\/lasersko-pjeskarenje.com\/product\/puls-laserreinigungsgeraet-mit-200-300-500-w\/\" \/>\n<meta property=\"og:locale\" content=\"en_US\" \/>\n<meta property=\"og:type\" content=\"article\" \/>\n<meta property=\"og:title\" content=\"Puls-Laserreinigungsger\u00e4t mit 200\/300\/500 W - Brilliant lasersko \u010di\u0161\u0107enje \/ pjeskarenje\" \/>\n<meta property=\"og:description\" content=\"Gepulster Laserreiniger 200\/300\/500 W mit Reinigungskopf \u2013 Wasserk\u00fchlung. Der Laserreiniger entfernt schnell starken Rost, \u00d6lflecken, Farbe und Graffiti von Metalloberfl\u00e4chen und liefert hervorragende Reinigungsergebnisse. Dieser kompakte Laser-Rostreiniger besticht durch ein platzsparendes Design mit einem einziehbaren Reinigungskopf, der eine praktische Aufbewahrung im Geh\u00e4use erm\u00f6glicht.\" \/>\n<meta property=\"og:url\" content=\"https:\/\/lasersko-pjeskarenje.com\/product\/puls-laserreinigungsgeraet-mit-200-300-500-w\/\" \/>\n<meta property=\"og:site_name\" content=\"Brilliant lasersko \u010di\u0161\u0107enje \/ pjeskarenje\" \/>\n<meta property=\"article:modified_time\" content=\"2025-07-14T06:29:19+00:00\" \/>\n<meta property=\"og:image\" content=\"https:\/\/lasersko-pjeskarenje.com\/wp-content\/uploads\/2025\/04\/6-1.avif\" \/>\n\t<meta property=\"og:image:width\" content=\"750\" \/>\n\t<meta property=\"og:image:height\" content=\"750\" \/>\n\t<meta property=\"og:image:type\" content=\"image\/jpeg\" \/>\n<meta name=\"twitter:card\" content=\"summary_large_image\" \/>\n<script type=\"application\/ld+json\" class=\"yoast-schema-graph\">{\"@context\":\"https:\/\/schema.org\",\"@graph\":[{\"@type\":\"WebPage\",\"@id\":\"https:\/\/lasersko-pjeskarenje.com\/product\/puls-laserreinigungsgeraet-mit-200-300-500-w\/\",\"url\":\"https:\/\/lasersko-pjeskarenje.com\/product\/puls-laserreinigungsgeraet-mit-200-300-500-w\/\",\"name\":\"Puls-Laserreinigungsger\u00e4t mit 200\/300\/500 W - Brilliant lasersko \u010di\u0161\u0107enje \/ pjeskarenje\",\"isPartOf\":{\"@id\":\"https:\/\/lasersko-pjeskarenje.com\/#website\"},\"primaryImageOfPage\":{\"@id\":\"https:\/\/lasersko-pjeskarenje.com\/product\/puls-laserreinigungsgeraet-mit-200-300-500-w\/#primaryimage\"},\"image\":{\"@id\":\"https:\/\/lasersko-pjeskarenje.com\/product\/puls-laserreinigungsgeraet-mit-200-300-500-w\/#primaryimage\"},\"thumbnailUrl\":\"https:\/\/lasersko-pjeskarenje.com\/wp-content\/uploads\/2025\/04\/6-1.avif\",\"datePublished\":\"2025-04-14T06:11:15+00:00\",\"dateModified\":\"2025-07-14T06:29:19+00:00\",\"breadcrumb\":{\"@id\":\"https:\/\/lasersko-pjeskarenje.com\/product\/puls-laserreinigungsgeraet-mit-200-300-500-w\/#breadcrumb\"},\"inLanguage\":\"en-US\",\"potentialAction\":[{\"@type\":\"ReadAction\",\"target\":[\"https:\/\/lasersko-pjeskarenje.com\/product\/puls-laserreinigungsgeraet-mit-200-300-500-w\/\"]}]},{\"@type\":\"ImageObject\",\"inLanguage\":\"en-US\",\"@id\":\"https:\/\/lasersko-pjeskarenje.com\/product\/puls-laserreinigungsgeraet-mit-200-300-500-w\/#primaryimage\",\"url\":\"https:\/\/lasersko-pjeskarenje.com\/wp-content\/uploads\/2025\/04\/6-1.avif\",\"contentUrl\":\"https:\/\/lasersko-pjeskarenje.com\/wp-content\/uploads\/2025\/04\/6-1.avif\",\"width\":750,\"height\":750,\"caption\":\"Pulsni laser za \u010di\u0161\u0107enje od 200\/300\/500 W\"},{\"@type\":\"BreadcrumbList\",\"@id\":\"https:\/\/lasersko-pjeskarenje.com\/product\/puls-laserreinigungsgeraet-mit-200-300-500-w\/#breadcrumb\",\"itemListElement\":[{\"@type\":\"ListItem\",\"position\":1,\"name\":\"Home\",\"item\":\"https:\/\/lasersko-pjeskarenje.com\/en\/\"},{\"@type\":\"ListItem\",\"position\":2,\"name\":\"Sale and rental of laser cleaning devices\",\"item\":\"https:\/\/lasersko-pjeskarenje.com\/en\/sale-and-rental-of-laser-cleaning-devices\/\"},{\"@type\":\"ListItem\",\"position\":3,\"name\":\"Puls-Laserreinigungsger\u00e4t mit 200\/300\/500 W\"}]},{\"@type\":\"WebSite\",\"@id\":\"https:\/\/lasersko-pjeskarenje.com\/#website\",\"url\":\"https:\/\/lasersko-pjeskarenje.com\/\",\"name\":\"Brilliant lasersko \u010di\u0161\u0107enje \/ pjeskarenje\",\"description\":\"Rije\u0161enja za lasersko \u010di\u0161\u0107enje\",\"publisher\":{\"@id\":\"https:\/\/lasersko-pjeskarenje.com\/#organization\"},\"potentialAction\":[{\"@type\":\"SearchAction\",\"target\":{\"@type\":\"EntryPoint\",\"urlTemplate\":\"https:\/\/lasersko-pjeskarenje.com\/?s={search_term_string}\"},\"query-input\":{\"@type\":\"PropertyValueSpecification\",\"valueRequired\":true,\"valueName\":\"search_term_string\"}}],\"inLanguage\":\"en-US\"},{\"@type\":\"Organization\",\"@id\":\"https:\/\/lasersko-pjeskarenje.com\/#organization\",\"name\":\"Briliant lasersko \u010di\u0161\u0107enje\",\"url\":\"https:\/\/lasersko-pjeskarenje.com\/\",\"logo\":{\"@type\":\"ImageObject\",\"inLanguage\":\"en-US\",\"@id\":\"https:\/\/lasersko-pjeskarenje.com\/#\/schema\/logo\/image\/\",\"url\":\"https:\/\/lasersko-pjeskarenje.com\/wp-content\/uploads\/2024\/09\/logo4-1.svg\",\"contentUrl\":\"https:\/\/lasersko-pjeskarenje.com\/wp-content\/uploads\/2024\/09\/logo4-1.svg\",\"width\":123,\"height\":150,\"caption\":\"Briliant lasersko \u010di\u0161\u0107enje\"},\"image\":{\"@id\":\"https:\/\/lasersko-pjeskarenje.com\/#\/schema\/logo\/image\/\"},\"sameAs\":[\"https:\/\/www.youtube.com\/@Laserskopjeskarenje\"]}]}<\/script>\n<!-- \/ Yoast SEO plugin. -->","yoast_head_json":{"title":"Puls-Laserreinigungsger\u00e4t mit 200\/300\/500 W - Brilliant lasersko \u010di\u0161\u0107enje \/ pjeskarenje","robots":{"index":"index","follow":"follow","max-snippet":"max-snippet:-1","max-image-preview":"max-image-preview:large","max-video-preview":"max-video-preview:-1"},"canonical":"https:\/\/lasersko-pjeskarenje.com\/product\/puls-laserreinigungsgeraet-mit-200-300-500-w\/","og_locale":"en_US","og_type":"article","og_title":"Puls-Laserreinigungsger\u00e4t mit 200\/300\/500 W - Brilliant lasersko \u010di\u0161\u0107enje \/ pjeskarenje","og_description":"Gepulster Laserreiniger 200\/300\/500 W mit Reinigungskopf \u2013 Wasserk\u00fchlung. Der Laserreiniger entfernt schnell starken Rost, \u00d6lflecken, Farbe und Graffiti von Metalloberfl\u00e4chen und liefert hervorragende Reinigungsergebnisse. Dieser kompakte Laser-Rostreiniger besticht durch ein platzsparendes Design mit einem einziehbaren Reinigungskopf, der eine praktische Aufbewahrung im Geh\u00e4use erm\u00f6glicht.","og_url":"https:\/\/lasersko-pjeskarenje.com\/product\/puls-laserreinigungsgeraet-mit-200-300-500-w\/","og_site_name":"Brilliant lasersko \u010di\u0161\u0107enje \/ pjeskarenje","article_modified_time":"2025-07-14T06:29:19+00:00","og_image":[{"width":750,"height":750,"url":"https:\/\/lasersko-pjeskarenje.com\/wp-content\/uploads\/2025\/04\/6-1.avif","type":"image\/jpeg"}],"twitter_card":"summary_large_image","schema":{"@context":"https:\/\/schema.org","@graph":[{"@type":"WebPage","@id":"https:\/\/lasersko-pjeskarenje.com\/product\/puls-laserreinigungsgeraet-mit-200-300-500-w\/","url":"https:\/\/lasersko-pjeskarenje.com\/product\/puls-laserreinigungsgeraet-mit-200-300-500-w\/","name":"Puls-Laserreinigungsger\u00e4t mit 200\/300\/500 W - Brilliant lasersko \u010di\u0161\u0107enje \/ pjeskarenje","isPartOf":{"@id":"https:\/\/lasersko-pjeskarenje.com\/#website"},"primaryImageOfPage":{"@id":"https:\/\/lasersko-pjeskarenje.com\/product\/puls-laserreinigungsgeraet-mit-200-300-500-w\/#primaryimage"},"image":{"@id":"https:\/\/lasersko-pjeskarenje.com\/product\/puls-laserreinigungsgeraet-mit-200-300-500-w\/#primaryimage"},"thumbnailUrl":"https:\/\/lasersko-pjeskarenje.com\/wp-content\/uploads\/2025\/04\/6-1.avif","datePublished":"2025-04-14T06:11:15+00:00","dateModified":"2025-07-14T06:29:19+00:00","breadcrumb":{"@id":"https:\/\/lasersko-pjeskarenje.com\/product\/puls-laserreinigungsgeraet-mit-200-300-500-w\/#breadcrumb"},"inLanguage":"en-US","potentialAction":[{"@type":"ReadAction","target":["https:\/\/lasersko-pjeskarenje.com\/product\/puls-laserreinigungsgeraet-mit-200-300-500-w\/"]}]},{"@type":"ImageObject","inLanguage":"en-US","@id":"https:\/\/lasersko-pjeskarenje.com\/product\/puls-laserreinigungsgeraet-mit-200-300-500-w\/#primaryimage","url":"https:\/\/lasersko-pjeskarenje.com\/wp-content\/uploads\/2025\/04\/6-1.avif","contentUrl":"https:\/\/lasersko-pjeskarenje.com\/wp-content\/uploads\/2025\/04\/6-1.avif","width":750,"height":750,"caption":"Pulsni laser za \u010di\u0161\u0107enje od 200\/300\/500 W"},{"@type":"BreadcrumbList","@id":"https:\/\/lasersko-pjeskarenje.com\/product\/puls-laserreinigungsgeraet-mit-200-300-500-w\/#breadcrumb","itemListElement":[{"@type":"ListItem","position":1,"name":"Home","item":"https:\/\/lasersko-pjeskarenje.com\/en\/"},{"@type":"ListItem","position":2,"name":"Sale and rental of laser cleaning devices","item":"https:\/\/lasersko-pjeskarenje.com\/en\/sale-and-rental-of-laser-cleaning-devices\/"},{"@type":"ListItem","position":3,"name":"Puls-Laserreinigungsger\u00e4t mit 200\/300\/500 W"}]},{"@type":"WebSite","@id":"https:\/\/lasersko-pjeskarenje.com\/#website","url":"https:\/\/lasersko-pjeskarenje.com\/","name":"Brilliant lasersko \u010di\u0161\u0107enje \/ pjeskarenje","description":"Rije\u0161enja za lasersko \u010di\u0161\u0107enje","publisher":{"@id":"https:\/\/lasersko-pjeskarenje.com\/#organization"},"potentialAction":[{"@type":"SearchAction","target":{"@type":"EntryPoint","urlTemplate":"https:\/\/lasersko-pjeskarenje.com\/?s={search_term_string}"},"query-input":{"@type":"PropertyValueSpecification","valueRequired":true,"valueName":"search_term_string"}}],"inLanguage":"en-US"},{"@type":"Organization","@id":"https:\/\/lasersko-pjeskarenje.com\/#organization","name":"Briliant lasersko \u010di\u0161\u0107enje","url":"https:\/\/lasersko-pjeskarenje.com\/","logo":{"@type":"ImageObject","inLanguage":"en-US","@id":"https:\/\/lasersko-pjeskarenje.com\/#\/schema\/logo\/image\/","url":"https:\/\/lasersko-pjeskarenje.com\/wp-content\/uploads\/2024\/09\/logo4-1.svg","contentUrl":"https:\/\/lasersko-pjeskarenje.com\/wp-content\/uploads\/2024\/09\/logo4-1.svg","width":123,"height":150,"caption":"Briliant lasersko \u010di\u0161\u0107enje"},"image":{"@id":"https:\/\/lasersko-pjeskarenje.com\/#\/schema\/logo\/image\/"},"sameAs":["https:\/\/www.youtube.com\/@Laserskopjeskarenje"]}]}},"_links":{"self":[{"href":"https:\/\/lasersko-pjeskarenje.com\/en\/wp-json\/wp\/v2\/product\/1022","targetHints":{"allow":["GET"]}}],"collection":[{"href":"https:\/\/lasersko-pjeskarenje.com\/en\/wp-json\/wp\/v2\/product"}],"about":[{"href":"https:\/\/lasersko-pjeskarenje.com\/en\/wp-json\/wp\/v2\/types\/product"}],"replies":[{"embeddable":true,"href":"https:\/\/lasersko-pjeskarenje.com\/en\/wp-json\/wp\/v2\/comments?post=1022"}],"wp:featuredmedia":[{"embeddable":true,"href":"https:\/\/lasersko-pjeskarenje.com\/en\/wp-json\/wp\/v2\/media\/1006"}],"wp:attachment":[{"href":"https:\/\/lasersko-pjeskarenje.com\/en\/wp-json\/wp\/v2\/media?parent=1022"}],"wp:term":[{"taxonomy":"product_brand","embeddable":true,"href":"https:\/\/lasersko-pjeskarenje.com\/en\/wp-json\/wp\/v2\/product_brand?post=1022"},{"taxonomy":"product_cat","embeddable":true,"href":"https:\/\/lasersko-pjeskarenje.com\/en\/wp-json\/wp\/v2\/product_cat?post=1022"},{"taxonomy":"product_tag","embeddable":true,"href":"https:\/\/lasersko-pjeskarenje.com\/en\/wp-json\/wp\/v2\/product_tag?post=1022"}],"curies":[{"name":"wp","href":"https:\/\/api.w.org\/{rel}","templated":true}]}}