{"id":1078,"date":"2024-09-08T08:38:09","date_gmt":"2024-09-08T06:38:09","guid":{"rendered":"https:\/\/lasersko-pjeskarenje.com\/?post_type=product&#038;p=1078"},"modified":"2025-07-14T09:03:59","modified_gmt":"2025-07-14T07:03:59","slug":"pulsed-laser-cleaning-machine-1000w","status":"publish","type":"product","link":"https:\/\/lasersko-pjeskarenje.com\/en\/product\/pulsed-laser-cleaning-machine-1000w\/","title":{"rendered":"Pulsed Laser Cleaning Machine 1000W"},"content":{"rendered":"<p>Pulse laser cleaning machines with 1000W power are designed for more complex, extensive, and precise surface cleaning. They can thoroughly remove surface contaminants such as metal oxides, rust, oil, paint, graffiti, and coatings without damaging the base material.<\/p>\n<p>Compared to traditional cleaning methods, a 1000W pulsed laser cleaning machine offers advantages such as high efficiency, no consumables, preservation of the base material, precise cleaning, and environmental friendliness.<\/p>\n<p>The 1000W pulsed laser cleaning machine is highly suitable for industries with high cleaning standards, such as aerospace components, historical buildings, car frames, wheel hubs, rubber molds, and food processing molds.<\/p>\n<p>Compared to 100\u2013500W pulsed laser cleaning machines, 1000W models offer higher cleaning power, making them particularly suitable for handling more complex, larger, and deeper cleaning tasks.<\/p>\n","protected":false},"excerpt":{"rendered":"<p>Pulsed laser cleaning machines with 1000W power use rapid laser pulses for efficient surface cleaning. They are gentle on sensitive materials and are widely used in the automotive sector, electronics, and conservation for effective cleaning without damaging the underlying materials.<\/p>\n","protected":false},"featured_media":791,"comment_status":"closed","ping_status":"closed","template":"","meta":{"_acf_changed":false,"inline_featured_image":false},"product_brand":[],"product_cat":[32],"product_tag":[],"class_list":{"0":"post-1078","1":"product","2":"type-product","3":"status-publish","4":"has-post-thumbnail","6":"product_cat-pulse-laser-cleaning-devices","8":"first","9":"instock","10":"shipping-taxable","11":"purchasable","12":"product-type-simple"},"acf":[],"yoast_head":"<!-- This site is optimized with the Yoast SEO plugin v27.1.1 - https:\/\/yoast.com\/product\/yoast-seo-wordpress\/ -->\n<title>Pulsed Laser Cleaning Machine 1000W - Brilliant lasersko \u010di\u0161\u0107enje \/ pjeskarenje<\/title>\n<meta name=\"robots\" content=\"index, follow, max-snippet:-1, max-image-preview:large, max-video-preview:-1\" \/>\n<link rel=\"canonical\" href=\"https:\/\/lasersko-pjeskarenje.com\/en\/product\/pulsed-laser-cleaning-machine-1000w\/\" \/>\n<meta property=\"og:locale\" content=\"en_US\" \/>\n<meta property=\"og:type\" content=\"article\" \/>\n<meta property=\"og:title\" content=\"Pulsed Laser Cleaning Machine 1000W - Brilliant lasersko \u010di\u0161\u0107enje \/ pjeskarenje\" \/>\n<meta property=\"og:description\" content=\"Pulsed laser cleaning machines with 1000W power use rapid laser pulses for efficient surface cleaning. They are gentle on sensitive materials and are widely used in the automotive sector, electronics, and conservation for effective cleaning without damaging the underlying materials.\" \/>\n<meta property=\"og:url\" content=\"https:\/\/lasersko-pjeskarenje.com\/en\/product\/pulsed-laser-cleaning-machine-1000w\/\" \/>\n<meta property=\"og:site_name\" content=\"Brilliant lasersko \u010di\u0161\u0107enje \/ pjeskarenje\" \/>\n<meta property=\"article:modified_time\" content=\"2025-07-14T07:03:59+00:00\" \/>\n<meta property=\"og:image\" content=\"https:\/\/lasersko-pjeskarenje.com\/wp-content\/uploads\/2024\/09\/4.avif\" \/>\n\t<meta property=\"og:image:width\" content=\"600\" \/>\n\t<meta property=\"og:image:height\" content=\"600\" \/>\n\t<meta property=\"og:image:type\" content=\"image\/jpeg\" \/>\n<meta name=\"twitter:card\" content=\"summary_large_image\" \/>\n<script type=\"application\/ld+json\" class=\"yoast-schema-graph\">{\"@context\":\"https:\/\/schema.org\",\"@graph\":[{\"@type\":\"WebPage\",\"@id\":\"https:\/\/lasersko-pjeskarenje.com\/en\/product\/pulsed-laser-cleaning-machine-1000w\/\",\"url\":\"https:\/\/lasersko-pjeskarenje.com\/en\/product\/pulsed-laser-cleaning-machine-1000w\/\",\"name\":\"Pulsed Laser Cleaning Machine 1000W - Brilliant lasersko \u010di\u0161\u0107enje \/ pjeskarenje\",\"isPartOf\":{\"@id\":\"https:\/\/lasersko-pjeskarenje.com\/#website\"},\"primaryImageOfPage\":{\"@id\":\"https:\/\/lasersko-pjeskarenje.com\/en\/product\/pulsed-laser-cleaning-machine-1000w\/#primaryimage\"},\"image\":{\"@id\":\"https:\/\/lasersko-pjeskarenje.com\/en\/product\/pulsed-laser-cleaning-machine-1000w\/#primaryimage\"},\"thumbnailUrl\":\"https:\/\/lasersko-pjeskarenje.com\/wp-content\/uploads\/2024\/09\/4.avif\",\"datePublished\":\"2024-09-08T06:38:09+00:00\",\"dateModified\":\"2025-07-14T07:03:59+00:00\",\"breadcrumb\":{\"@id\":\"https:\/\/lasersko-pjeskarenje.com\/en\/product\/pulsed-laser-cleaning-machine-1000w\/#breadcrumb\"},\"inLanguage\":\"en-US\",\"potentialAction\":[{\"@type\":\"ReadAction\",\"target\":[\"https:\/\/lasersko-pjeskarenje.com\/en\/product\/pulsed-laser-cleaning-machine-1000w\/\"]}]},{\"@type\":\"ImageObject\",\"inLanguage\":\"en-US\",\"@id\":\"https:\/\/lasersko-pjeskarenje.com\/en\/product\/pulsed-laser-cleaning-machine-1000w\/#primaryimage\",\"url\":\"https:\/\/lasersko-pjeskarenje.com\/wp-content\/uploads\/2024\/09\/4.avif\",\"contentUrl\":\"https:\/\/lasersko-pjeskarenje.com\/wp-content\/uploads\/2024\/09\/4.avif\",\"width\":600,\"height\":600,\"caption\":\"1000W-pulse-laser za \u010di\u0161\u0107enje\"},{\"@type\":\"BreadcrumbList\",\"@id\":\"https:\/\/lasersko-pjeskarenje.com\/en\/product\/pulsed-laser-cleaning-machine-1000w\/#breadcrumb\",\"itemListElement\":[{\"@type\":\"ListItem\",\"position\":1,\"name\":\"Home\",\"item\":\"https:\/\/lasersko-pjeskarenje.com\/en\/\"},{\"@type\":\"ListItem\",\"position\":2,\"name\":\"Sale and rental of laser cleaning devices\",\"item\":\"https:\/\/lasersko-pjeskarenje.com\/en\/sale-and-rental-of-laser-cleaning-devices\/\"},{\"@type\":\"ListItem\",\"position\":3,\"name\":\"Pulsed Laser Cleaning Machine 1000W\"}]},{\"@type\":\"WebSite\",\"@id\":\"https:\/\/lasersko-pjeskarenje.com\/#website\",\"url\":\"https:\/\/lasersko-pjeskarenje.com\/\",\"name\":\"Brilliant lasersko \u010di\u0161\u0107enje \/ pjeskarenje\",\"description\":\"Rije\u0161enja za lasersko \u010di\u0161\u0107enje\",\"publisher\":{\"@id\":\"https:\/\/lasersko-pjeskarenje.com\/#organization\"},\"potentialAction\":[{\"@type\":\"SearchAction\",\"target\":{\"@type\":\"EntryPoint\",\"urlTemplate\":\"https:\/\/lasersko-pjeskarenje.com\/?s={search_term_string}\"},\"query-input\":{\"@type\":\"PropertyValueSpecification\",\"valueRequired\":true,\"valueName\":\"search_term_string\"}}],\"inLanguage\":\"en-US\"},{\"@type\":\"Organization\",\"@id\":\"https:\/\/lasersko-pjeskarenje.com\/#organization\",\"name\":\"Briliant lasersko \u010di\u0161\u0107enje\",\"url\":\"https:\/\/lasersko-pjeskarenje.com\/\",\"logo\":{\"@type\":\"ImageObject\",\"inLanguage\":\"en-US\",\"@id\":\"https:\/\/lasersko-pjeskarenje.com\/#\/schema\/logo\/image\/\",\"url\":\"https:\/\/lasersko-pjeskarenje.com\/wp-content\/uploads\/2024\/09\/logo4-1.svg\",\"contentUrl\":\"https:\/\/lasersko-pjeskarenje.com\/wp-content\/uploads\/2024\/09\/logo4-1.svg\",\"width\":123,\"height\":150,\"caption\":\"Briliant lasersko \u010di\u0161\u0107enje\"},\"image\":{\"@id\":\"https:\/\/lasersko-pjeskarenje.com\/#\/schema\/logo\/image\/\"},\"sameAs\":[\"https:\/\/www.youtube.com\/@Laserskopjeskarenje\"]}]}<\/script>\n<!-- \/ Yoast SEO plugin. -->","yoast_head_json":{"title":"Pulsed Laser Cleaning Machine 1000W - Brilliant lasersko \u010di\u0161\u0107enje \/ pjeskarenje","robots":{"index":"index","follow":"follow","max-snippet":"max-snippet:-1","max-image-preview":"max-image-preview:large","max-video-preview":"max-video-preview:-1"},"canonical":"https:\/\/lasersko-pjeskarenje.com\/en\/product\/pulsed-laser-cleaning-machine-1000w\/","og_locale":"en_US","og_type":"article","og_title":"Pulsed Laser Cleaning Machine 1000W - Brilliant lasersko \u010di\u0161\u0107enje \/ pjeskarenje","og_description":"Pulsed laser cleaning machines with 1000W power use rapid laser pulses for efficient surface cleaning. They are gentle on sensitive materials and are widely used in the automotive sector, electronics, and conservation for effective cleaning without damaging the underlying materials.","og_url":"https:\/\/lasersko-pjeskarenje.com\/en\/product\/pulsed-laser-cleaning-machine-1000w\/","og_site_name":"Brilliant lasersko \u010di\u0161\u0107enje \/ pjeskarenje","article_modified_time":"2025-07-14T07:03:59+00:00","og_image":[{"width":600,"height":600,"url":"https:\/\/lasersko-pjeskarenje.com\/wp-content\/uploads\/2024\/09\/4.avif","type":"image\/jpeg"}],"twitter_card":"summary_large_image","schema":{"@context":"https:\/\/schema.org","@graph":[{"@type":"WebPage","@id":"https:\/\/lasersko-pjeskarenje.com\/en\/product\/pulsed-laser-cleaning-machine-1000w\/","url":"https:\/\/lasersko-pjeskarenje.com\/en\/product\/pulsed-laser-cleaning-machine-1000w\/","name":"Pulsed Laser Cleaning Machine 1000W - Brilliant lasersko \u010di\u0161\u0107enje \/ pjeskarenje","isPartOf":{"@id":"https:\/\/lasersko-pjeskarenje.com\/#website"},"primaryImageOfPage":{"@id":"https:\/\/lasersko-pjeskarenje.com\/en\/product\/pulsed-laser-cleaning-machine-1000w\/#primaryimage"},"image":{"@id":"https:\/\/lasersko-pjeskarenje.com\/en\/product\/pulsed-laser-cleaning-machine-1000w\/#primaryimage"},"thumbnailUrl":"https:\/\/lasersko-pjeskarenje.com\/wp-content\/uploads\/2024\/09\/4.avif","datePublished":"2024-09-08T06:38:09+00:00","dateModified":"2025-07-14T07:03:59+00:00","breadcrumb":{"@id":"https:\/\/lasersko-pjeskarenje.com\/en\/product\/pulsed-laser-cleaning-machine-1000w\/#breadcrumb"},"inLanguage":"en-US","potentialAction":[{"@type":"ReadAction","target":["https:\/\/lasersko-pjeskarenje.com\/en\/product\/pulsed-laser-cleaning-machine-1000w\/"]}]},{"@type":"ImageObject","inLanguage":"en-US","@id":"https:\/\/lasersko-pjeskarenje.com\/en\/product\/pulsed-laser-cleaning-machine-1000w\/#primaryimage","url":"https:\/\/lasersko-pjeskarenje.com\/wp-content\/uploads\/2024\/09\/4.avif","contentUrl":"https:\/\/lasersko-pjeskarenje.com\/wp-content\/uploads\/2024\/09\/4.avif","width":600,"height":600,"caption":"1000W-pulse-laser za \u010di\u0161\u0107enje"},{"@type":"BreadcrumbList","@id":"https:\/\/lasersko-pjeskarenje.com\/en\/product\/pulsed-laser-cleaning-machine-1000w\/#breadcrumb","itemListElement":[{"@type":"ListItem","position":1,"name":"Home","item":"https:\/\/lasersko-pjeskarenje.com\/en\/"},{"@type":"ListItem","position":2,"name":"Sale and rental of laser cleaning devices","item":"https:\/\/lasersko-pjeskarenje.com\/en\/sale-and-rental-of-laser-cleaning-devices\/"},{"@type":"ListItem","position":3,"name":"Pulsed Laser Cleaning Machine 1000W"}]},{"@type":"WebSite","@id":"https:\/\/lasersko-pjeskarenje.com\/#website","url":"https:\/\/lasersko-pjeskarenje.com\/","name":"Brilliant lasersko \u010di\u0161\u0107enje \/ pjeskarenje","description":"Rije\u0161enja za lasersko \u010di\u0161\u0107enje","publisher":{"@id":"https:\/\/lasersko-pjeskarenje.com\/#organization"},"potentialAction":[{"@type":"SearchAction","target":{"@type":"EntryPoint","urlTemplate":"https:\/\/lasersko-pjeskarenje.com\/?s={search_term_string}"},"query-input":{"@type":"PropertyValueSpecification","valueRequired":true,"valueName":"search_term_string"}}],"inLanguage":"en-US"},{"@type":"Organization","@id":"https:\/\/lasersko-pjeskarenje.com\/#organization","name":"Briliant lasersko \u010di\u0161\u0107enje","url":"https:\/\/lasersko-pjeskarenje.com\/","logo":{"@type":"ImageObject","inLanguage":"en-US","@id":"https:\/\/lasersko-pjeskarenje.com\/#\/schema\/logo\/image\/","url":"https:\/\/lasersko-pjeskarenje.com\/wp-content\/uploads\/2024\/09\/logo4-1.svg","contentUrl":"https:\/\/lasersko-pjeskarenje.com\/wp-content\/uploads\/2024\/09\/logo4-1.svg","width":123,"height":150,"caption":"Briliant lasersko \u010di\u0161\u0107enje"},"image":{"@id":"https:\/\/lasersko-pjeskarenje.com\/#\/schema\/logo\/image\/"},"sameAs":["https:\/\/www.youtube.com\/@Laserskopjeskarenje"]}]}},"_links":{"self":[{"href":"https:\/\/lasersko-pjeskarenje.com\/en\/wp-json\/wp\/v2\/product\/1078","targetHints":{"allow":["GET"]}}],"collection":[{"href":"https:\/\/lasersko-pjeskarenje.com\/en\/wp-json\/wp\/v2\/product"}],"about":[{"href":"https:\/\/lasersko-pjeskarenje.com\/en\/wp-json\/wp\/v2\/types\/product"}],"replies":[{"embeddable":true,"href":"https:\/\/lasersko-pjeskarenje.com\/en\/wp-json\/wp\/v2\/comments?post=1078"}],"wp:featuredmedia":[{"embeddable":true,"href":"https:\/\/lasersko-pjeskarenje.com\/en\/wp-json\/wp\/v2\/media\/791"}],"wp:attachment":[{"href":"https:\/\/lasersko-pjeskarenje.com\/en\/wp-json\/wp\/v2\/media?parent=1078"}],"wp:term":[{"taxonomy":"product_brand","embeddable":true,"href":"https:\/\/lasersko-pjeskarenje.com\/en\/wp-json\/wp\/v2\/product_brand?post=1078"},{"taxonomy":"product_cat","embeddable":true,"href":"https:\/\/lasersko-pjeskarenje.com\/en\/wp-json\/wp\/v2\/product_cat?post=1078"},{"taxonomy":"product_tag","embeddable":true,"href":"https:\/\/lasersko-pjeskarenje.com\/en\/wp-json\/wp\/v2\/product_tag?post=1078"}],"curies":[{"name":"wp","href":"https:\/\/api.w.org\/{rel}","templated":true}]}}