{"id":729,"date":"2024-10-03T09:28:31","date_gmt":"2024-10-03T07:28:31","guid":{"rendered":"https:\/\/lasersko-pjeskarenje.com\/?post_type=product&#038;p=729"},"modified":"2024-12-14T19:25:26","modified_gmt":"2024-12-14T18:25:26","slug":"air-cooled-portable-pulsed-laser-cleaner-50w-100w","status":"publish","type":"product","link":"https:\/\/lasersko-pjeskarenje.com\/en\/product\/air-cooled-portable-pulsed-laser-cleaner-50w-100w\/","title":{"rendered":"Air-Cooled Portable Pulsed Laser Cleaner 50W\/100W"},"content":{"rendered":"<p>The portable pulsed laser cleaner uses short laser pulses to vaporize surface contaminants or coatings without causing thermal or mechanical damage to the substrate. It is ideal for cleaning delicate materials and precision components without harm.<\/p>\n<p><strong>Dynamic Power Laser gmbh.<\/strong> portable laser cleaner has a wide range of applications, including industrial cleaning, cultural heritage preservation, automobile maintenance, and paint removal.<\/p>\n<p>This laser cleaner features a backpack design and a removable lithium battery. Combined with a portable laser cleaning gun, a wrist-mounted independent control display, and a weight of 13.47 kg, it is perfect for mobile outdoor work or hard-to-reach areas without a power supply.<\/p>\n","protected":false},"excerpt":{"rendered":"<p>The 50W and 100W laser cleaner features a backpack design and a removable lithium battery that can last up to 1.5 hours during outdoor operations. It is portable, compact, and lightweight, weighing only 13.47 kg. This laser cleaning machine is specifically designed for use in outdoor locations and other hard-to-reach areas without access to a power supply.<\/p>\n","protected":false},"featured_media":785,"comment_status":"closed","ping_status":"closed","template":"","meta":{"_acf_changed":false,"inline_featured_image":false},"product_brand":[],"product_cat":[32],"product_tag":[],"class_list":{"0":"post-729","1":"product","2":"type-product","3":"status-publish","4":"has-post-thumbnail","6":"product_cat-pulse-laser-cleaning-devices","8":"first","9":"instock","10":"shipping-taxable","11":"product-type-simple"},"acf":[],"yoast_head":"<!-- This site is optimized with the Yoast SEO plugin v27.1.1 - https:\/\/yoast.com\/product\/yoast-seo-wordpress\/ -->\n<title>Air-Cooled Portable Pulsed Laser Cleaner 50W\/100W - Brilliant lasersko \u010di\u0161\u0107enje \/ pjeskarenje<\/title>\n<meta name=\"robots\" content=\"index, follow, max-snippet:-1, max-image-preview:large, max-video-preview:-1\" \/>\n<link rel=\"canonical\" href=\"https:\/\/lasersko-pjeskarenje.com\/de\/?post_type=product&p=1038\" \/>\n<meta property=\"og:locale\" content=\"en_US\" \/>\n<meta property=\"og:type\" content=\"article\" \/>\n<meta property=\"og:title\" content=\"Air-Cooled Portable Pulsed Laser Cleaner 50W\/100W - Brilliant lasersko \u010di\u0161\u0107enje \/ pjeskarenje\" \/>\n<meta property=\"og:description\" content=\"The 50W and 100W laser cleaner features a backpack design and a removable lithium battery that can last up to 1.5 hours during outdoor operations. It is portable, compact, and lightweight, weighing only 13.47 kg. This laser cleaning machine is specifically designed for use in outdoor locations and other hard-to-reach areas without access to a power supply.\" \/>\n<meta property=\"og:url\" content=\"https:\/\/lasersko-pjeskarenje.com\/de\/?post_type=product&amp;p=1038\" \/>\n<meta property=\"og:site_name\" content=\"Brilliant lasersko \u010di\u0161\u0107enje \/ pjeskarenje\" \/>\n<meta property=\"article:modified_time\" content=\"2024-12-14T18:25:26+00:00\" \/>\n<meta property=\"og:image\" content=\"https:\/\/lasersko-pjeskarenje.com\/wp-content\/uploads\/2024\/10\/1-1.avif\" \/>\n\t<meta property=\"og:image:width\" content=\"800\" \/>\n\t<meta property=\"og:image:height\" content=\"800\" \/>\n\t<meta property=\"og:image:type\" content=\"image\/jpeg\" \/>\n<meta name=\"twitter:card\" content=\"summary_large_image\" \/>\n<meta name=\"twitter:label1\" content=\"Est. reading time\" \/>\n\t<meta name=\"twitter:data1\" content=\"1 minute\" \/>\n<script type=\"application\/ld+json\" class=\"yoast-schema-graph\">{\"@context\":\"https:\/\/schema.org\",\"@graph\":[{\"@type\":\"WebPage\",\"@id\":\"https:\/\/lasersko-pjeskarenje.com\/de\/?post_type=product&p=1038\",\"url\":\"https:\/\/lasersko-pjeskarenje.com\/de\/?post_type=product&p=1038\",\"name\":\"Air-Cooled Portable Pulsed Laser Cleaner 50W\/100W - Brilliant lasersko \u010di\u0161\u0107enje \/ pjeskarenje\",\"isPartOf\":{\"@id\":\"https:\/\/lasersko-pjeskarenje.com\/#website\"},\"primaryImageOfPage\":{\"@id\":\"https:\/\/lasersko-pjeskarenje.com\/de\/?post_type=product&p=1038#primaryimage\"},\"image\":{\"@id\":\"https:\/\/lasersko-pjeskarenje.com\/de\/?post_type=product&p=1038#primaryimage\"},\"thumbnailUrl\":\"https:\/\/lasersko-pjeskarenje.com\/wp-content\/uploads\/2024\/10\/1-1.avif\",\"datePublished\":\"2024-10-03T07:28:31+00:00\",\"dateModified\":\"2024-12-14T18:25:26+00:00\",\"breadcrumb\":{\"@id\":\"https:\/\/lasersko-pjeskarenje.com\/de\/?post_type=product&p=1038#breadcrumb\"},\"inLanguage\":\"en-US\",\"potentialAction\":[{\"@type\":\"ReadAction\",\"target\":[\"https:\/\/lasersko-pjeskarenje.com\/de\/?post_type=product&p=1038\"]}]},{\"@type\":\"ImageObject\",\"inLanguage\":\"en-US\",\"@id\":\"https:\/\/lasersko-pjeskarenje.com\/de\/?post_type=product&p=1038#primaryimage\",\"url\":\"https:\/\/lasersko-pjeskarenje.com\/wp-content\/uploads\/2024\/10\/1-1.avif\",\"contentUrl\":\"https:\/\/lasersko-pjeskarenje.com\/wp-content\/uploads\/2024\/10\/1-1.avif\",\"width\":800,\"height\":800,\"caption\":\"Lasersko \u010di\u0161\u0107enje hr\u0111e\"},{\"@type\":\"BreadcrumbList\",\"@id\":\"https:\/\/lasersko-pjeskarenje.com\/de\/?post_type=product&p=1038#breadcrumb\",\"itemListElement\":[{\"@type\":\"ListItem\",\"position\":1,\"name\":\"Home\",\"item\":\"https:\/\/lasersko-pjeskarenje.com\/en\/\"},{\"@type\":\"ListItem\",\"position\":2,\"name\":\"Sale and rental of laser cleaning devices\",\"item\":\"https:\/\/lasersko-pjeskarenje.com\/en\/sale-and-rental-of-laser-cleaning-devices\/\"},{\"@type\":\"ListItem\",\"position\":3,\"name\":\"Air-Cooled Portable Pulsed Laser Cleaner 50W\/100W\"}]},{\"@type\":\"WebSite\",\"@id\":\"https:\/\/lasersko-pjeskarenje.com\/#website\",\"url\":\"https:\/\/lasersko-pjeskarenje.com\/\",\"name\":\"Brilliant lasersko \u010di\u0161\u0107enje \/ pjeskarenje\",\"description\":\"Rije\u0161enja za lasersko \u010di\u0161\u0107enje\",\"publisher\":{\"@id\":\"https:\/\/lasersko-pjeskarenje.com\/#organization\"},\"potentialAction\":[{\"@type\":\"SearchAction\",\"target\":{\"@type\":\"EntryPoint\",\"urlTemplate\":\"https:\/\/lasersko-pjeskarenje.com\/?s={search_term_string}\"},\"query-input\":{\"@type\":\"PropertyValueSpecification\",\"valueRequired\":true,\"valueName\":\"search_term_string\"}}],\"inLanguage\":\"en-US\"},{\"@type\":\"Organization\",\"@id\":\"https:\/\/lasersko-pjeskarenje.com\/#organization\",\"name\":\"Briliant lasersko \u010di\u0161\u0107enje\",\"url\":\"https:\/\/lasersko-pjeskarenje.com\/\",\"logo\":{\"@type\":\"ImageObject\",\"inLanguage\":\"en-US\",\"@id\":\"https:\/\/lasersko-pjeskarenje.com\/#\/schema\/logo\/image\/\",\"url\":\"https:\/\/lasersko-pjeskarenje.com\/wp-content\/uploads\/2024\/09\/logo4-1.svg\",\"contentUrl\":\"https:\/\/lasersko-pjeskarenje.com\/wp-content\/uploads\/2024\/09\/logo4-1.svg\",\"width\":123,\"height\":150,\"caption\":\"Briliant lasersko \u010di\u0161\u0107enje\"},\"image\":{\"@id\":\"https:\/\/lasersko-pjeskarenje.com\/#\/schema\/logo\/image\/\"},\"sameAs\":[\"https:\/\/www.youtube.com\/@Laserskopjeskarenje\"]}]}<\/script>\n<!-- \/ Yoast SEO plugin. -->","yoast_head_json":{"title":"Air-Cooled Portable Pulsed Laser Cleaner 50W\/100W - Brilliant lasersko \u010di\u0161\u0107enje \/ pjeskarenje","robots":{"index":"index","follow":"follow","max-snippet":"max-snippet:-1","max-image-preview":"max-image-preview:large","max-video-preview":"max-video-preview:-1"},"canonical":"https:\/\/lasersko-pjeskarenje.com\/de\/?post_type=product&p=1038","og_locale":"en_US","og_type":"article","og_title":"Air-Cooled Portable Pulsed Laser Cleaner 50W\/100W - Brilliant lasersko \u010di\u0161\u0107enje \/ pjeskarenje","og_description":"The 50W and 100W laser cleaner features a backpack design and a removable lithium battery that can last up to 1.5 hours during outdoor operations. It is portable, compact, and lightweight, weighing only 13.47 kg. This laser cleaning machine is specifically designed for use in outdoor locations and other hard-to-reach areas without access to a power supply.","og_url":"https:\/\/lasersko-pjeskarenje.com\/de\/?post_type=product&p=1038","og_site_name":"Brilliant lasersko \u010di\u0161\u0107enje \/ pjeskarenje","article_modified_time":"2024-12-14T18:25:26+00:00","og_image":[{"width":800,"height":800,"url":"https:\/\/lasersko-pjeskarenje.com\/wp-content\/uploads\/2024\/10\/1-1.avif","type":"image\/jpeg"}],"twitter_card":"summary_large_image","twitter_misc":{"Est. reading time":"1 minute"},"schema":{"@context":"https:\/\/schema.org","@graph":[{"@type":"WebPage","@id":"https:\/\/lasersko-pjeskarenje.com\/de\/?post_type=product&p=1038","url":"https:\/\/lasersko-pjeskarenje.com\/de\/?post_type=product&p=1038","name":"Air-Cooled Portable Pulsed Laser Cleaner 50W\/100W - Brilliant lasersko \u010di\u0161\u0107enje \/ pjeskarenje","isPartOf":{"@id":"https:\/\/lasersko-pjeskarenje.com\/#website"},"primaryImageOfPage":{"@id":"https:\/\/lasersko-pjeskarenje.com\/de\/?post_type=product&p=1038#primaryimage"},"image":{"@id":"https:\/\/lasersko-pjeskarenje.com\/de\/?post_type=product&p=1038#primaryimage"},"thumbnailUrl":"https:\/\/lasersko-pjeskarenje.com\/wp-content\/uploads\/2024\/10\/1-1.avif","datePublished":"2024-10-03T07:28:31+00:00","dateModified":"2024-12-14T18:25:26+00:00","breadcrumb":{"@id":"https:\/\/lasersko-pjeskarenje.com\/de\/?post_type=product&p=1038#breadcrumb"},"inLanguage":"en-US","potentialAction":[{"@type":"ReadAction","target":["https:\/\/lasersko-pjeskarenje.com\/de\/?post_type=product&p=1038"]}]},{"@type":"ImageObject","inLanguage":"en-US","@id":"https:\/\/lasersko-pjeskarenje.com\/de\/?post_type=product&p=1038#primaryimage","url":"https:\/\/lasersko-pjeskarenje.com\/wp-content\/uploads\/2024\/10\/1-1.avif","contentUrl":"https:\/\/lasersko-pjeskarenje.com\/wp-content\/uploads\/2024\/10\/1-1.avif","width":800,"height":800,"caption":"Lasersko \u010di\u0161\u0107enje hr\u0111e"},{"@type":"BreadcrumbList","@id":"https:\/\/lasersko-pjeskarenje.com\/de\/?post_type=product&p=1038#breadcrumb","itemListElement":[{"@type":"ListItem","position":1,"name":"Home","item":"https:\/\/lasersko-pjeskarenje.com\/en\/"},{"@type":"ListItem","position":2,"name":"Sale and rental of laser cleaning devices","item":"https:\/\/lasersko-pjeskarenje.com\/en\/sale-and-rental-of-laser-cleaning-devices\/"},{"@type":"ListItem","position":3,"name":"Air-Cooled Portable Pulsed Laser Cleaner 50W\/100W"}]},{"@type":"WebSite","@id":"https:\/\/lasersko-pjeskarenje.com\/#website","url":"https:\/\/lasersko-pjeskarenje.com\/","name":"Brilliant lasersko \u010di\u0161\u0107enje \/ pjeskarenje","description":"Rije\u0161enja za lasersko \u010di\u0161\u0107enje","publisher":{"@id":"https:\/\/lasersko-pjeskarenje.com\/#organization"},"potentialAction":[{"@type":"SearchAction","target":{"@type":"EntryPoint","urlTemplate":"https:\/\/lasersko-pjeskarenje.com\/?s={search_term_string}"},"query-input":{"@type":"PropertyValueSpecification","valueRequired":true,"valueName":"search_term_string"}}],"inLanguage":"en-US"},{"@type":"Organization","@id":"https:\/\/lasersko-pjeskarenje.com\/#organization","name":"Briliant lasersko \u010di\u0161\u0107enje","url":"https:\/\/lasersko-pjeskarenje.com\/","logo":{"@type":"ImageObject","inLanguage":"en-US","@id":"https:\/\/lasersko-pjeskarenje.com\/#\/schema\/logo\/image\/","url":"https:\/\/lasersko-pjeskarenje.com\/wp-content\/uploads\/2024\/09\/logo4-1.svg","contentUrl":"https:\/\/lasersko-pjeskarenje.com\/wp-content\/uploads\/2024\/09\/logo4-1.svg","width":123,"height":150,"caption":"Briliant lasersko \u010di\u0161\u0107enje"},"image":{"@id":"https:\/\/lasersko-pjeskarenje.com\/#\/schema\/logo\/image\/"},"sameAs":["https:\/\/www.youtube.com\/@Laserskopjeskarenje"]}]}},"_links":{"self":[{"href":"https:\/\/lasersko-pjeskarenje.com\/en\/wp-json\/wp\/v2\/product\/729","targetHints":{"allow":["GET"]}}],"collection":[{"href":"https:\/\/lasersko-pjeskarenje.com\/en\/wp-json\/wp\/v2\/product"}],"about":[{"href":"https:\/\/lasersko-pjeskarenje.com\/en\/wp-json\/wp\/v2\/types\/product"}],"replies":[{"embeddable":true,"href":"https:\/\/lasersko-pjeskarenje.com\/en\/wp-json\/wp\/v2\/comments?post=729"}],"wp:featuredmedia":[{"embeddable":true,"href":"https:\/\/lasersko-pjeskarenje.com\/en\/wp-json\/wp\/v2\/media\/785"}],"wp:attachment":[{"href":"https:\/\/lasersko-pjeskarenje.com\/en\/wp-json\/wp\/v2\/media?parent=729"}],"wp:term":[{"taxonomy":"product_brand","embeddable":true,"href":"https:\/\/lasersko-pjeskarenje.com\/en\/wp-json\/wp\/v2\/product_brand?post=729"},{"taxonomy":"product_cat","embeddable":true,"href":"https:\/\/lasersko-pjeskarenje.com\/en\/wp-json\/wp\/v2\/product_cat?post=729"},{"taxonomy":"product_tag","embeddable":true,"href":"https:\/\/lasersko-pjeskarenje.com\/en\/wp-json\/wp\/v2\/product_tag?post=729"}],"curies":[{"name":"wp","href":"https:\/\/api.w.org\/{rel}","templated":true}]}}