{"id":856,"date":"2025-04-14T08:11:15","date_gmt":"2025-04-14T06:11:15","guid":{"rendered":"https:\/\/lasersko-pjeskarenje.com\/?post_type=product&#038;p=856"},"modified":"2025-07-15T12:36:24","modified_gmt":"2025-07-15T10:36:24","slug":"pulse-laser-cleaner-100-200-300-w-kopiraj","status":"publish","type":"product","link":"https:\/\/lasersko-pjeskarenje.com\/en\/product\/pulse-laser-cleaner-100-200-300-w-kopiraj\/","title":{"rendered":"Pulse laser cleaner 500 W"},"content":{"rendered":"<p><strong>The 500 W laser cleaner &#8211; watercooling, <\/strong>\u00a0features a compact design and lightweight construction with a retractable cleaning head. The cleaning head can be stored inside the cabinet, saving space and making transport easier.<\/p>\n<p>The 500 W laser cleaner can be used to remove rust, oil stains, graffiti, coatings, and more. It is widely used in car repairs, cultural relic restoration, stone cleaning, machine part cleaning, and many other applications.<\/p>\n<p>Whether you&#8217;re tackling industrial cleaning tasks or detailed surface treatments, our rust laser cleaner stands out for its efficiency, mobility, and user-friendly design.<\/p>\n","protected":false},"excerpt":{"rendered":"<p><strong>Pulse 500W laser cleaner<\/strong> with a cleaning head is designed for efficient and precise cleaning. It quickly removes heavy rust, oil stains, paint, and graffiti from metal surfaces, delivering exceptional cleaning results. This compact rust laser cleaner features a space-saving design with a retractable cleaning head, allowing for convenient storage within the cabinet.<\/p>\n","protected":false},"featured_media":858,"comment_status":"closed","ping_status":"closed","template":"","meta":{"_acf_changed":false,"inline_featured_image":false},"product_brand":[],"product_cat":[32],"product_tag":[],"class_list":{"0":"post-856","1":"product","2":"type-product","3":"status-publish","4":"has-post-thumbnail","6":"product_cat-pulse-laser-cleaning-devices","8":"first","9":"instock","10":"shipping-taxable","11":"purchasable","12":"product-type-simple"},"acf":[],"yoast_head":"<!-- This site is optimized with the Yoast SEO plugin v27.1.1 - https:\/\/yoast.com\/product\/yoast-seo-wordpress\/ -->\n<title>Pulse laser cleaner 500 W - Brilliant lasersko \u010di\u0161\u0107enje \/ pjeskarenje<\/title>\n<meta name=\"robots\" content=\"index, follow, max-snippet:-1, max-image-preview:large, max-video-preview:-1\" \/>\n<link rel=\"canonical\" href=\"https:\/\/lasersko-pjeskarenje.com\/en\/product\/pulse-laser-cleaner-100-200-300-w-kopiraj\/\" \/>\n<meta property=\"og:locale\" content=\"en_US\" \/>\n<meta property=\"og:type\" content=\"article\" \/>\n<meta property=\"og:title\" content=\"Pulse laser cleaner 500 W - Brilliant lasersko \u010di\u0161\u0107enje \/ pjeskarenje\" \/>\n<meta property=\"og:description\" content=\"Pulse 500W laser cleaner with a cleaning head is designed for efficient and precise cleaning. It quickly removes heavy rust, oil stains, paint, and graffiti from metal surfaces, delivering exceptional cleaning results. This compact rust laser cleaner features a space-saving design with a retractable cleaning head, allowing for convenient storage within the cabinet.\" \/>\n<meta property=\"og:url\" content=\"https:\/\/lasersko-pjeskarenje.com\/en\/product\/pulse-laser-cleaner-100-200-300-w-kopiraj\/\" \/>\n<meta property=\"og:site_name\" content=\"Brilliant lasersko \u010di\u0161\u0107enje \/ pjeskarenje\" \/>\n<meta property=\"article:modified_time\" content=\"2025-07-15T10:36:24+00:00\" \/>\n<meta property=\"og:image\" content=\"https:\/\/lasersko-pjeskarenje.com\/wp-content\/uploads\/2025\/04\/6-1.avif\" \/>\n\t<meta property=\"og:image:width\" content=\"750\" \/>\n\t<meta property=\"og:image:height\" content=\"750\" \/>\n\t<meta property=\"og:image:type\" content=\"image\/jpeg\" \/>\n<meta name=\"twitter:card\" content=\"summary_large_image\" \/>\n<meta name=\"twitter:label1\" content=\"Est. reading time\" \/>\n\t<meta name=\"twitter:data1\" content=\"1 minute\" \/>\n<script type=\"application\/ld+json\" class=\"yoast-schema-graph\">{\"@context\":\"https:\/\/schema.org\",\"@graph\":[{\"@type\":\"WebPage\",\"@id\":\"https:\/\/lasersko-pjeskarenje.com\/en\/product\/pulse-laser-cleaner-100-200-300-w-kopiraj\/\",\"url\":\"https:\/\/lasersko-pjeskarenje.com\/en\/product\/pulse-laser-cleaner-100-200-300-w-kopiraj\/\",\"name\":\"Pulse laser cleaner 500 W - Brilliant lasersko \u010di\u0161\u0107enje \/ pjeskarenje\",\"isPartOf\":{\"@id\":\"https:\/\/lasersko-pjeskarenje.com\/#website\"},\"primaryImageOfPage\":{\"@id\":\"https:\/\/lasersko-pjeskarenje.com\/en\/product\/pulse-laser-cleaner-100-200-300-w-kopiraj\/#primaryimage\"},\"image\":{\"@id\":\"https:\/\/lasersko-pjeskarenje.com\/en\/product\/pulse-laser-cleaner-100-200-300-w-kopiraj\/#primaryimage\"},\"thumbnailUrl\":\"https:\/\/lasersko-pjeskarenje.com\/wp-content\/uploads\/2025\/04\/6-1.avif\",\"datePublished\":\"2025-04-14T06:11:15+00:00\",\"dateModified\":\"2025-07-15T10:36:24+00:00\",\"breadcrumb\":{\"@id\":\"https:\/\/lasersko-pjeskarenje.com\/en\/product\/pulse-laser-cleaner-100-200-300-w-kopiraj\/#breadcrumb\"},\"inLanguage\":\"en-US\",\"potentialAction\":[{\"@type\":\"ReadAction\",\"target\":[\"https:\/\/lasersko-pjeskarenje.com\/en\/product\/pulse-laser-cleaner-100-200-300-w-kopiraj\/\"]}]},{\"@type\":\"ImageObject\",\"inLanguage\":\"en-US\",\"@id\":\"https:\/\/lasersko-pjeskarenje.com\/en\/product\/pulse-laser-cleaner-100-200-300-w-kopiraj\/#primaryimage\",\"url\":\"https:\/\/lasersko-pjeskarenje.com\/wp-content\/uploads\/2025\/04\/6-1.avif\",\"contentUrl\":\"https:\/\/lasersko-pjeskarenje.com\/wp-content\/uploads\/2025\/04\/6-1.avif\",\"width\":750,\"height\":750,\"caption\":\"Pulsni laser za \u010di\u0161\u0107enje od 200\/300\/500 W\"},{\"@type\":\"BreadcrumbList\",\"@id\":\"https:\/\/lasersko-pjeskarenje.com\/en\/product\/pulse-laser-cleaner-100-200-300-w-kopiraj\/#breadcrumb\",\"itemListElement\":[{\"@type\":\"ListItem\",\"position\":1,\"name\":\"Home\",\"item\":\"https:\/\/lasersko-pjeskarenje.com\/en\/\"},{\"@type\":\"ListItem\",\"position\":2,\"name\":\"Sale and rental of laser cleaning devices\",\"item\":\"https:\/\/lasersko-pjeskarenje.com\/en\/sale-and-rental-of-laser-cleaning-devices\/\"},{\"@type\":\"ListItem\",\"position\":3,\"name\":\"Pulse laser cleaner 500 W\"}]},{\"@type\":\"WebSite\",\"@id\":\"https:\/\/lasersko-pjeskarenje.com\/#website\",\"url\":\"https:\/\/lasersko-pjeskarenje.com\/\",\"name\":\"Brilliant lasersko \u010di\u0161\u0107enje \/ pjeskarenje\",\"description\":\"Rije\u0161enja za lasersko \u010di\u0161\u0107enje\",\"publisher\":{\"@id\":\"https:\/\/lasersko-pjeskarenje.com\/#organization\"},\"potentialAction\":[{\"@type\":\"SearchAction\",\"target\":{\"@type\":\"EntryPoint\",\"urlTemplate\":\"https:\/\/lasersko-pjeskarenje.com\/?s={search_term_string}\"},\"query-input\":{\"@type\":\"PropertyValueSpecification\",\"valueRequired\":true,\"valueName\":\"search_term_string\"}}],\"inLanguage\":\"en-US\"},{\"@type\":\"Organization\",\"@id\":\"https:\/\/lasersko-pjeskarenje.com\/#organization\",\"name\":\"Briliant lasersko \u010di\u0161\u0107enje\",\"url\":\"https:\/\/lasersko-pjeskarenje.com\/\",\"logo\":{\"@type\":\"ImageObject\",\"inLanguage\":\"en-US\",\"@id\":\"https:\/\/lasersko-pjeskarenje.com\/#\/schema\/logo\/image\/\",\"url\":\"https:\/\/lasersko-pjeskarenje.com\/wp-content\/uploads\/2024\/09\/logo4-1.svg\",\"contentUrl\":\"https:\/\/lasersko-pjeskarenje.com\/wp-content\/uploads\/2024\/09\/logo4-1.svg\",\"width\":123,\"height\":150,\"caption\":\"Briliant lasersko \u010di\u0161\u0107enje\"},\"image\":{\"@id\":\"https:\/\/lasersko-pjeskarenje.com\/#\/schema\/logo\/image\/\"},\"sameAs\":[\"https:\/\/www.youtube.com\/@Laserskopjeskarenje\"]}]}<\/script>\n<!-- \/ Yoast SEO plugin. -->","yoast_head_json":{"title":"Pulse laser cleaner 500 W - Brilliant lasersko \u010di\u0161\u0107enje \/ pjeskarenje","robots":{"index":"index","follow":"follow","max-snippet":"max-snippet:-1","max-image-preview":"max-image-preview:large","max-video-preview":"max-video-preview:-1"},"canonical":"https:\/\/lasersko-pjeskarenje.com\/en\/product\/pulse-laser-cleaner-100-200-300-w-kopiraj\/","og_locale":"en_US","og_type":"article","og_title":"Pulse laser cleaner 500 W - Brilliant lasersko \u010di\u0161\u0107enje \/ pjeskarenje","og_description":"Pulse 500W laser cleaner with a cleaning head is designed for efficient and precise cleaning. It quickly removes heavy rust, oil stains, paint, and graffiti from metal surfaces, delivering exceptional cleaning results. This compact rust laser cleaner features a space-saving design with a retractable cleaning head, allowing for convenient storage within the cabinet.","og_url":"https:\/\/lasersko-pjeskarenje.com\/en\/product\/pulse-laser-cleaner-100-200-300-w-kopiraj\/","og_site_name":"Brilliant lasersko \u010di\u0161\u0107enje \/ pjeskarenje","article_modified_time":"2025-07-15T10:36:24+00:00","og_image":[{"width":750,"height":750,"url":"https:\/\/lasersko-pjeskarenje.com\/wp-content\/uploads\/2025\/04\/6-1.avif","type":"image\/jpeg"}],"twitter_card":"summary_large_image","twitter_misc":{"Est. reading time":"1 minute"},"schema":{"@context":"https:\/\/schema.org","@graph":[{"@type":"WebPage","@id":"https:\/\/lasersko-pjeskarenje.com\/en\/product\/pulse-laser-cleaner-100-200-300-w-kopiraj\/","url":"https:\/\/lasersko-pjeskarenje.com\/en\/product\/pulse-laser-cleaner-100-200-300-w-kopiraj\/","name":"Pulse laser cleaner 500 W - Brilliant lasersko \u010di\u0161\u0107enje \/ pjeskarenje","isPartOf":{"@id":"https:\/\/lasersko-pjeskarenje.com\/#website"},"primaryImageOfPage":{"@id":"https:\/\/lasersko-pjeskarenje.com\/en\/product\/pulse-laser-cleaner-100-200-300-w-kopiraj\/#primaryimage"},"image":{"@id":"https:\/\/lasersko-pjeskarenje.com\/en\/product\/pulse-laser-cleaner-100-200-300-w-kopiraj\/#primaryimage"},"thumbnailUrl":"https:\/\/lasersko-pjeskarenje.com\/wp-content\/uploads\/2025\/04\/6-1.avif","datePublished":"2025-04-14T06:11:15+00:00","dateModified":"2025-07-15T10:36:24+00:00","breadcrumb":{"@id":"https:\/\/lasersko-pjeskarenje.com\/en\/product\/pulse-laser-cleaner-100-200-300-w-kopiraj\/#breadcrumb"},"inLanguage":"en-US","potentialAction":[{"@type":"ReadAction","target":["https:\/\/lasersko-pjeskarenje.com\/en\/product\/pulse-laser-cleaner-100-200-300-w-kopiraj\/"]}]},{"@type":"ImageObject","inLanguage":"en-US","@id":"https:\/\/lasersko-pjeskarenje.com\/en\/product\/pulse-laser-cleaner-100-200-300-w-kopiraj\/#primaryimage","url":"https:\/\/lasersko-pjeskarenje.com\/wp-content\/uploads\/2025\/04\/6-1.avif","contentUrl":"https:\/\/lasersko-pjeskarenje.com\/wp-content\/uploads\/2025\/04\/6-1.avif","width":750,"height":750,"caption":"Pulsni laser za \u010di\u0161\u0107enje od 200\/300\/500 W"},{"@type":"BreadcrumbList","@id":"https:\/\/lasersko-pjeskarenje.com\/en\/product\/pulse-laser-cleaner-100-200-300-w-kopiraj\/#breadcrumb","itemListElement":[{"@type":"ListItem","position":1,"name":"Home","item":"https:\/\/lasersko-pjeskarenje.com\/en\/"},{"@type":"ListItem","position":2,"name":"Sale and rental of laser cleaning devices","item":"https:\/\/lasersko-pjeskarenje.com\/en\/sale-and-rental-of-laser-cleaning-devices\/"},{"@type":"ListItem","position":3,"name":"Pulse laser cleaner 500 W"}]},{"@type":"WebSite","@id":"https:\/\/lasersko-pjeskarenje.com\/#website","url":"https:\/\/lasersko-pjeskarenje.com\/","name":"Brilliant lasersko \u010di\u0161\u0107enje \/ pjeskarenje","description":"Rije\u0161enja za lasersko \u010di\u0161\u0107enje","publisher":{"@id":"https:\/\/lasersko-pjeskarenje.com\/#organization"},"potentialAction":[{"@type":"SearchAction","target":{"@type":"EntryPoint","urlTemplate":"https:\/\/lasersko-pjeskarenje.com\/?s={search_term_string}"},"query-input":{"@type":"PropertyValueSpecification","valueRequired":true,"valueName":"search_term_string"}}],"inLanguage":"en-US"},{"@type":"Organization","@id":"https:\/\/lasersko-pjeskarenje.com\/#organization","name":"Briliant lasersko \u010di\u0161\u0107enje","url":"https:\/\/lasersko-pjeskarenje.com\/","logo":{"@type":"ImageObject","inLanguage":"en-US","@id":"https:\/\/lasersko-pjeskarenje.com\/#\/schema\/logo\/image\/","url":"https:\/\/lasersko-pjeskarenje.com\/wp-content\/uploads\/2024\/09\/logo4-1.svg","contentUrl":"https:\/\/lasersko-pjeskarenje.com\/wp-content\/uploads\/2024\/09\/logo4-1.svg","width":123,"height":150,"caption":"Briliant lasersko \u010di\u0161\u0107enje"},"image":{"@id":"https:\/\/lasersko-pjeskarenje.com\/#\/schema\/logo\/image\/"},"sameAs":["https:\/\/www.youtube.com\/@Laserskopjeskarenje"]}]}},"_links":{"self":[{"href":"https:\/\/lasersko-pjeskarenje.com\/en\/wp-json\/wp\/v2\/product\/856","targetHints":{"allow":["GET"]}}],"collection":[{"href":"https:\/\/lasersko-pjeskarenje.com\/en\/wp-json\/wp\/v2\/product"}],"about":[{"href":"https:\/\/lasersko-pjeskarenje.com\/en\/wp-json\/wp\/v2\/types\/product"}],"replies":[{"embeddable":true,"href":"https:\/\/lasersko-pjeskarenje.com\/en\/wp-json\/wp\/v2\/comments?post=856"}],"wp:featuredmedia":[{"embeddable":true,"href":"https:\/\/lasersko-pjeskarenje.com\/en\/wp-json\/wp\/v2\/media\/858"}],"wp:attachment":[{"href":"https:\/\/lasersko-pjeskarenje.com\/en\/wp-json\/wp\/v2\/media?parent=856"}],"wp:term":[{"taxonomy":"product_brand","embeddable":true,"href":"https:\/\/lasersko-pjeskarenje.com\/en\/wp-json\/wp\/v2\/product_brand?post=856"},{"taxonomy":"product_cat","embeddable":true,"href":"https:\/\/lasersko-pjeskarenje.com\/en\/wp-json\/wp\/v2\/product_cat?post=856"},{"taxonomy":"product_tag","embeddable":true,"href":"https:\/\/lasersko-pjeskarenje.com\/en\/wp-json\/wp\/v2\/product_tag?post=856"}],"curies":[{"name":"wp","href":"https:\/\/api.w.org\/{rel}","templated":true}]}}