{"id":876,"date":"2025-04-14T09:08:21","date_gmt":"2025-04-14T07:08:21","guid":{"rendered":"https:\/\/lasersko-pjeskarenje.com\/?post_type=product&#038;p=876"},"modified":"2025-07-15T18:04:50","modified_gmt":"2025-07-15T16:04:50","slug":"2000w-laser-cleaning-machine","status":"publish","type":"product","link":"https:\/\/lasersko-pjeskarenje.com\/en\/product\/2000w-laser-cleaning-machine\/","title":{"rendered":"2000W Laser Cleaning Machine continued"},"content":{"rendered":"<p>Laser cleaning machines with 2000W power are designed for more complex, extensive, and large-scale surface cleaning tasks. They can thoroughly remove surface contaminants such as metal oxides, rust, oil, paint, graffiti, and coatings without causing damage to the underlying material.<\/p>\n<p>Compared to traditional cleaning methods, 1500W-2000W laser cleaning machines offer advantages such as high efficiency, no consumables, preservation of the base material, precise cleaning, and environmental friendliness.<\/p>\n<p>Continued 2000W laser cleaning machines are highly suitable for industries with high cleaning standards, such as aerospace components, historical buildings, car frames, wheel hubs, rubber molds, and food processing molds.<\/p>\n<p>In comparison to other laser cleaning machines, continued 2000W models deliver higher cleaning power, making them especially suitable for handling more complex, larger, and deeper cleaning tasks.<\/p>\n<p><strong>Characteristic\uff1a<\/strong><\/p>\n<ul>\n<li>Laser cleaning has no grinding, non-contact, no thermal effect and suitable for various materials, etc.<\/li>\n<li>Rapid, clean and accurate cleaning, removal of surface coatings, coatings, oxide;<\/li>\n<li>No damage to substrate;<\/li>\n<li>High cleaning precision, strong control ability<\/li>\n<li>Can be used for a long time, low operating costs;<\/li>\n<li>The device can realize automatic operation and simple operation;<\/li>\n<li>Environmentally friendly, no supplies, no two pollution<\/li>\n<\/ul>\n","protected":false},"excerpt":{"rendered":"<p>2000W laser cleaning machines utilize continued laser beam for efficient surface cleaning. They are widely used in the industrial sector, electronics, and conservation for effective cleaning without damaging the underlying materials.<\/p>\n","protected":false},"featured_media":878,"comment_status":"closed","ping_status":"closed","template":"","meta":{"_acf_changed":false,"inline_featured_image":false},"product_brand":[],"product_cat":[34,33],"product_tag":[],"class_list":{"0":"post-876","1":"product","2":"type-product","3":"status-publish","4":"has-post-thumbnail","6":"product_cat-laser-cleaning-devices","7":"product_cat-continuous-laser-cleaning-machines","9":"first","10":"instock","11":"shipping-taxable","12":"purchasable","13":"product-type-simple"},"acf":[],"yoast_head":"<!-- This site is optimized with the Yoast SEO plugin v27.1.1 - https:\/\/yoast.com\/product\/yoast-seo-wordpress\/ -->\n<title>2000W Laser Cleaning Machine continued - Brilliant lasersko \u010di\u0161\u0107enje \/ pjeskarenje<\/title>\n<meta name=\"robots\" content=\"index, follow, max-snippet:-1, max-image-preview:large, max-video-preview:-1\" \/>\n<link rel=\"canonical\" href=\"https:\/\/lasersko-pjeskarenje.com\/en\/product\/2000w-laser-cleaning-machine\/\" \/>\n<meta property=\"og:locale\" content=\"en_US\" \/>\n<meta property=\"og:type\" content=\"article\" \/>\n<meta property=\"og:title\" content=\"2000W Laser Cleaning Machine continued - Brilliant lasersko \u010di\u0161\u0107enje \/ pjeskarenje\" \/>\n<meta property=\"og:description\" content=\"2000W laser cleaning machines utilize continued laser beam for efficient surface cleaning. They are widely used in the industrial sector, electronics, and conservation for effective cleaning without damaging the underlying materials.\" \/>\n<meta property=\"og:url\" content=\"https:\/\/lasersko-pjeskarenje.com\/en\/product\/2000w-laser-cleaning-machine\/\" \/>\n<meta property=\"og:site_name\" content=\"Brilliant lasersko \u010di\u0161\u0107enje \/ pjeskarenje\" \/>\n<meta property=\"article:modified_time\" content=\"2025-07-15T16:04:50+00:00\" \/>\n<meta property=\"og:image\" content=\"https:\/\/lasersko-pjeskarenje.com\/wp-content\/uploads\/2025\/04\/3-4.avif\" \/>\n\t<meta property=\"og:image:width\" content=\"750\" \/>\n\t<meta property=\"og:image:height\" content=\"750\" \/>\n\t<meta property=\"og:image:type\" content=\"image\/jpeg\" \/>\n<meta name=\"twitter:card\" content=\"summary_large_image\" \/>\n<meta name=\"twitter:label1\" content=\"Est. reading time\" \/>\n\t<meta name=\"twitter:data1\" content=\"2 minutes\" \/>\n<script type=\"application\/ld+json\" class=\"yoast-schema-graph\">{\"@context\":\"https:\/\/schema.org\",\"@graph\":[{\"@type\":\"WebPage\",\"@id\":\"https:\/\/lasersko-pjeskarenje.com\/en\/product\/2000w-laser-cleaning-machine\/\",\"url\":\"https:\/\/lasersko-pjeskarenje.com\/en\/product\/2000w-laser-cleaning-machine\/\",\"name\":\"2000W Laser Cleaning Machine continued - Brilliant lasersko \u010di\u0161\u0107enje \/ pjeskarenje\",\"isPartOf\":{\"@id\":\"https:\/\/lasersko-pjeskarenje.com\/#website\"},\"primaryImageOfPage\":{\"@id\":\"https:\/\/lasersko-pjeskarenje.com\/en\/product\/2000w-laser-cleaning-machine\/#primaryimage\"},\"image\":{\"@id\":\"https:\/\/lasersko-pjeskarenje.com\/en\/product\/2000w-laser-cleaning-machine\/#primaryimage\"},\"thumbnailUrl\":\"https:\/\/lasersko-pjeskarenje.com\/wp-content\/uploads\/2025\/04\/3-4.avif\",\"datePublished\":\"2025-04-14T07:08:21+00:00\",\"dateModified\":\"2025-07-15T16:04:50+00:00\",\"breadcrumb\":{\"@id\":\"https:\/\/lasersko-pjeskarenje.com\/en\/product\/2000w-laser-cleaning-machine\/#breadcrumb\"},\"inLanguage\":\"en-US\",\"potentialAction\":[{\"@type\":\"ReadAction\",\"target\":[\"https:\/\/lasersko-pjeskarenje.com\/en\/product\/2000w-laser-cleaning-machine\/\"]}]},{\"@type\":\"ImageObject\",\"inLanguage\":\"en-US\",\"@id\":\"https:\/\/lasersko-pjeskarenje.com\/en\/product\/2000w-laser-cleaning-machine\/#primaryimage\",\"url\":\"https:\/\/lasersko-pjeskarenje.com\/wp-content\/uploads\/2025\/04\/3-4.avif\",\"contentUrl\":\"https:\/\/lasersko-pjeskarenje.com\/wp-content\/uploads\/2025\/04\/3-4.avif\",\"width\":750,\"height\":750,\"caption\":\"Laser za \u010di\u0161\u0107enje od 2000\/3000W kontinuirani\"},{\"@type\":\"BreadcrumbList\",\"@id\":\"https:\/\/lasersko-pjeskarenje.com\/en\/product\/2000w-laser-cleaning-machine\/#breadcrumb\",\"itemListElement\":[{\"@type\":\"ListItem\",\"position\":1,\"name\":\"Home\",\"item\":\"https:\/\/lasersko-pjeskarenje.com\/en\/\"},{\"@type\":\"ListItem\",\"position\":2,\"name\":\"Sale and rental of laser cleaning devices\",\"item\":\"https:\/\/lasersko-pjeskarenje.com\/en\/sale-and-rental-of-laser-cleaning-devices\/\"},{\"@type\":\"ListItem\",\"position\":3,\"name\":\"2000W Laser Cleaning Machine continued\"}]},{\"@type\":\"WebSite\",\"@id\":\"https:\/\/lasersko-pjeskarenje.com\/#website\",\"url\":\"https:\/\/lasersko-pjeskarenje.com\/\",\"name\":\"Brilliant lasersko \u010di\u0161\u0107enje \/ pjeskarenje\",\"description\":\"Rije\u0161enja za lasersko \u010di\u0161\u0107enje\",\"publisher\":{\"@id\":\"https:\/\/lasersko-pjeskarenje.com\/#organization\"},\"potentialAction\":[{\"@type\":\"SearchAction\",\"target\":{\"@type\":\"EntryPoint\",\"urlTemplate\":\"https:\/\/lasersko-pjeskarenje.com\/?s={search_term_string}\"},\"query-input\":{\"@type\":\"PropertyValueSpecification\",\"valueRequired\":true,\"valueName\":\"search_term_string\"}}],\"inLanguage\":\"en-US\"},{\"@type\":\"Organization\",\"@id\":\"https:\/\/lasersko-pjeskarenje.com\/#organization\",\"name\":\"Briliant lasersko \u010di\u0161\u0107enje\",\"url\":\"https:\/\/lasersko-pjeskarenje.com\/\",\"logo\":{\"@type\":\"ImageObject\",\"inLanguage\":\"en-US\",\"@id\":\"https:\/\/lasersko-pjeskarenje.com\/#\/schema\/logo\/image\/\",\"url\":\"https:\/\/lasersko-pjeskarenje.com\/wp-content\/uploads\/2024\/09\/logo4-1.svg\",\"contentUrl\":\"https:\/\/lasersko-pjeskarenje.com\/wp-content\/uploads\/2024\/09\/logo4-1.svg\",\"width\":123,\"height\":150,\"caption\":\"Briliant lasersko \u010di\u0161\u0107enje\"},\"image\":{\"@id\":\"https:\/\/lasersko-pjeskarenje.com\/#\/schema\/logo\/image\/\"},\"sameAs\":[\"https:\/\/www.youtube.com\/@Laserskopjeskarenje\"]}]}<\/script>\n<!-- \/ Yoast SEO plugin. -->","yoast_head_json":{"title":"2000W Laser Cleaning Machine continued - Brilliant lasersko \u010di\u0161\u0107enje \/ pjeskarenje","robots":{"index":"index","follow":"follow","max-snippet":"max-snippet:-1","max-image-preview":"max-image-preview:large","max-video-preview":"max-video-preview:-1"},"canonical":"https:\/\/lasersko-pjeskarenje.com\/en\/product\/2000w-laser-cleaning-machine\/","og_locale":"en_US","og_type":"article","og_title":"2000W Laser Cleaning Machine continued - Brilliant lasersko \u010di\u0161\u0107enje \/ pjeskarenje","og_description":"2000W laser cleaning machines utilize continued laser beam for efficient surface cleaning. They are widely used in the industrial sector, electronics, and conservation for effective cleaning without damaging the underlying materials.","og_url":"https:\/\/lasersko-pjeskarenje.com\/en\/product\/2000w-laser-cleaning-machine\/","og_site_name":"Brilliant lasersko \u010di\u0161\u0107enje \/ pjeskarenje","article_modified_time":"2025-07-15T16:04:50+00:00","og_image":[{"width":750,"height":750,"url":"https:\/\/lasersko-pjeskarenje.com\/wp-content\/uploads\/2025\/04\/3-4.avif","type":"image\/jpeg"}],"twitter_card":"summary_large_image","twitter_misc":{"Est. reading time":"2 minutes"},"schema":{"@context":"https:\/\/schema.org","@graph":[{"@type":"WebPage","@id":"https:\/\/lasersko-pjeskarenje.com\/en\/product\/2000w-laser-cleaning-machine\/","url":"https:\/\/lasersko-pjeskarenje.com\/en\/product\/2000w-laser-cleaning-machine\/","name":"2000W Laser Cleaning Machine continued - Brilliant lasersko \u010di\u0161\u0107enje \/ pjeskarenje","isPartOf":{"@id":"https:\/\/lasersko-pjeskarenje.com\/#website"},"primaryImageOfPage":{"@id":"https:\/\/lasersko-pjeskarenje.com\/en\/product\/2000w-laser-cleaning-machine\/#primaryimage"},"image":{"@id":"https:\/\/lasersko-pjeskarenje.com\/en\/product\/2000w-laser-cleaning-machine\/#primaryimage"},"thumbnailUrl":"https:\/\/lasersko-pjeskarenje.com\/wp-content\/uploads\/2025\/04\/3-4.avif","datePublished":"2025-04-14T07:08:21+00:00","dateModified":"2025-07-15T16:04:50+00:00","breadcrumb":{"@id":"https:\/\/lasersko-pjeskarenje.com\/en\/product\/2000w-laser-cleaning-machine\/#breadcrumb"},"inLanguage":"en-US","potentialAction":[{"@type":"ReadAction","target":["https:\/\/lasersko-pjeskarenje.com\/en\/product\/2000w-laser-cleaning-machine\/"]}]},{"@type":"ImageObject","inLanguage":"en-US","@id":"https:\/\/lasersko-pjeskarenje.com\/en\/product\/2000w-laser-cleaning-machine\/#primaryimage","url":"https:\/\/lasersko-pjeskarenje.com\/wp-content\/uploads\/2025\/04\/3-4.avif","contentUrl":"https:\/\/lasersko-pjeskarenje.com\/wp-content\/uploads\/2025\/04\/3-4.avif","width":750,"height":750,"caption":"Laser za \u010di\u0161\u0107enje od 2000\/3000W kontinuirani"},{"@type":"BreadcrumbList","@id":"https:\/\/lasersko-pjeskarenje.com\/en\/product\/2000w-laser-cleaning-machine\/#breadcrumb","itemListElement":[{"@type":"ListItem","position":1,"name":"Home","item":"https:\/\/lasersko-pjeskarenje.com\/en\/"},{"@type":"ListItem","position":2,"name":"Sale and rental of laser cleaning devices","item":"https:\/\/lasersko-pjeskarenje.com\/en\/sale-and-rental-of-laser-cleaning-devices\/"},{"@type":"ListItem","position":3,"name":"2000W Laser Cleaning Machine continued"}]},{"@type":"WebSite","@id":"https:\/\/lasersko-pjeskarenje.com\/#website","url":"https:\/\/lasersko-pjeskarenje.com\/","name":"Brilliant lasersko \u010di\u0161\u0107enje \/ pjeskarenje","description":"Rije\u0161enja za lasersko \u010di\u0161\u0107enje","publisher":{"@id":"https:\/\/lasersko-pjeskarenje.com\/#organization"},"potentialAction":[{"@type":"SearchAction","target":{"@type":"EntryPoint","urlTemplate":"https:\/\/lasersko-pjeskarenje.com\/?s={search_term_string}"},"query-input":{"@type":"PropertyValueSpecification","valueRequired":true,"valueName":"search_term_string"}}],"inLanguage":"en-US"},{"@type":"Organization","@id":"https:\/\/lasersko-pjeskarenje.com\/#organization","name":"Briliant lasersko \u010di\u0161\u0107enje","url":"https:\/\/lasersko-pjeskarenje.com\/","logo":{"@type":"ImageObject","inLanguage":"en-US","@id":"https:\/\/lasersko-pjeskarenje.com\/#\/schema\/logo\/image\/","url":"https:\/\/lasersko-pjeskarenje.com\/wp-content\/uploads\/2024\/09\/logo4-1.svg","contentUrl":"https:\/\/lasersko-pjeskarenje.com\/wp-content\/uploads\/2024\/09\/logo4-1.svg","width":123,"height":150,"caption":"Briliant lasersko \u010di\u0161\u0107enje"},"image":{"@id":"https:\/\/lasersko-pjeskarenje.com\/#\/schema\/logo\/image\/"},"sameAs":["https:\/\/www.youtube.com\/@Laserskopjeskarenje"]}]}},"_links":{"self":[{"href":"https:\/\/lasersko-pjeskarenje.com\/en\/wp-json\/wp\/v2\/product\/876","targetHints":{"allow":["GET"]}}],"collection":[{"href":"https:\/\/lasersko-pjeskarenje.com\/en\/wp-json\/wp\/v2\/product"}],"about":[{"href":"https:\/\/lasersko-pjeskarenje.com\/en\/wp-json\/wp\/v2\/types\/product"}],"replies":[{"embeddable":true,"href":"https:\/\/lasersko-pjeskarenje.com\/en\/wp-json\/wp\/v2\/comments?post=876"}],"wp:featuredmedia":[{"embeddable":true,"href":"https:\/\/lasersko-pjeskarenje.com\/en\/wp-json\/wp\/v2\/media\/878"}],"wp:attachment":[{"href":"https:\/\/lasersko-pjeskarenje.com\/en\/wp-json\/wp\/v2\/media?parent=876"}],"wp:term":[{"taxonomy":"product_brand","embeddable":true,"href":"https:\/\/lasersko-pjeskarenje.com\/en\/wp-json\/wp\/v2\/product_brand?post=876"},{"taxonomy":"product_cat","embeddable":true,"href":"https:\/\/lasersko-pjeskarenje.com\/en\/wp-json\/wp\/v2\/product_cat?post=876"},{"taxonomy":"product_tag","embeddable":true,"href":"https:\/\/lasersko-pjeskarenje.com\/en\/wp-json\/wp\/v2\/product_tag?post=876"}],"curies":[{"name":"wp","href":"https:\/\/api.w.org\/{rel}","templated":true}]}}