{"id":890,"date":"2025-05-30T13:40:41","date_gmt":"2025-05-30T11:40:41","guid":{"rendered":"https:\/\/lasersko-pjeskarenje.com\/?post_type=product&#038;p=890"},"modified":"2025-06-01T21:09:44","modified_gmt":"2025-06-01T19:09:44","slug":"3000w-laser-cleaning-machine","status":"publish","type":"product","link":"https:\/\/lasersko-pjeskarenje.com\/en\/product\/3000w-laser-cleaning-machine\/","title":{"rendered":"3000W Laser Cleaning Machine"},"content":{"rendered":"<p>Laser cleaning machines with 3000W power are designed for more complex, extensive, and large-scale surface cleaning tasks. They can thoroughly remove surface contaminants such as metal oxides, rust, oil, paint, graffiti, and coatings without causing damage to the underlying material.<\/p>\n<p>Compared to traditional cleaning methods, 3000W laser cleaning machines offer advantages such as high efficiency, no consumables, preservation of the base material, precise cleaning, and environmental friendliness.<\/p>\n<p>The 3000W fiber laser cleaning machines are highly suitable for industries with high cleaning standards, such as aerospace components, historical buildings, car frames, wheel hubs, rubber molds, and food processing molds.<\/p>\n<p>In comparison to other laser cleaning machines, 3000W models deliver higher cleaning power, making them especially suitable for handling more complex, larger, and deeper cleaning tasks.<\/p>\n<p><strong>Characteristic\uff1a<\/strong><\/p>\n<ul>\n<li>Laser cleaning has no grinding, non-contact, no thermal effect and suitable for various materials, etc.<\/li>\n<li>Rapid, clean and accurate cleaning, removal of surface coatings, coatings, oxide;<\/li>\n<li>No damage to substrate;<\/li>\n<li>High cleaning precision, strong control ability<\/li>\n<li>Can be used for a long time, low operating costs;<\/li>\n<li>The device can realize automatic operation and simple operation;<\/li>\n<li>Environmentally friendly, no supplies, no two pollution<\/li>\n<\/ul>\n","protected":false},"excerpt":{"rendered":"<p><strong><em>* The device price refers to the base product and included equipment.<\/em><\/strong><\/p>\n<p>3-year warranty<br \/>\n2 regular services included free of charge<br \/>\nPre-purchase consultation<br \/>\nComprehensive user training<br \/>\nService available at our workshop in Zadar or on-site<br \/>\nPersonal delivery and handover at your address<\/p>\n<p>The 3000W laser cleaning machines utilize rapid laser\u00a0 for efficient surface cleaning. They are widely used in the industrial sector, electronics, and conservation for effective cleaning without damaging the underlying materials.<\/p>\n","protected":false},"featured_media":896,"comment_status":"closed","ping_status":"closed","template":"","meta":{"_acf_changed":false,"inline_featured_image":false},"product_brand":[],"product_cat":[34,33],"product_tag":[],"class_list":{"0":"post-890","1":"product","2":"type-product","3":"status-publish","4":"has-post-thumbnail","6":"product_cat-laser-cleaning-devices","7":"product_cat-continuous-laser-cleaning-machines","9":"first","10":"instock","11":"shipping-taxable","12":"purchasable","13":"product-type-simple"},"acf":[],"yoast_head":"<!-- This site is optimized with the Yoast SEO plugin v27.1.1 - https:\/\/yoast.com\/product\/yoast-seo-wordpress\/ -->\n<title>3000W Laser Cleaning Machine - Brilliant lasersko \u010di\u0161\u0107enje \/ pjeskarenje<\/title>\n<meta name=\"robots\" content=\"index, follow, max-snippet:-1, max-image-preview:large, max-video-preview:-1\" \/>\n<link rel=\"canonical\" href=\"https:\/\/lasersko-pjeskarenje.com\/en\/product\/3000w-laser-cleaning-machine\/\" \/>\n<meta property=\"og:locale\" content=\"en_US\" \/>\n<meta property=\"og:type\" content=\"article\" \/>\n<meta property=\"og:title\" content=\"3000W Laser Cleaning Machine - Brilliant lasersko \u010di\u0161\u0107enje \/ pjeskarenje\" \/>\n<meta property=\"og:description\" content=\"* The device price refers to the base product and included equipment.  3-year warranty  2 regular services included free of charge  Pre-purchase consultation  Comprehensive user training  Service available at our workshop in Zadar or on-site  Personal delivery and handover at your address  The 3000W laser cleaning machines utilize rapid laser\u00a0 for efficient surface cleaning. They are widely used in the industrial sector, electronics, and conservation for effective cleaning without damaging the underlying materials.\" \/>\n<meta property=\"og:url\" content=\"https:\/\/lasersko-pjeskarenje.com\/en\/product\/3000w-laser-cleaning-machine\/\" \/>\n<meta property=\"og:site_name\" content=\"Brilliant lasersko \u010di\u0161\u0107enje \/ pjeskarenje\" \/>\n<meta property=\"article:modified_time\" content=\"2025-06-01T19:09:44+00:00\" \/>\n<meta property=\"og:image\" content=\"https:\/\/lasersko-pjeskarenje.com\/wp-content\/uploads\/2025\/05\/3000-1-1.avif\" \/>\n\t<meta property=\"og:image:width\" content=\"700\" \/>\n\t<meta property=\"og:image:height\" content=\"700\" \/>\n\t<meta property=\"og:image:type\" content=\"image\/jpeg\" \/>\n<meta name=\"twitter:card\" content=\"summary_large_image\" \/>\n<meta name=\"twitter:label1\" content=\"Est. reading time\" \/>\n\t<meta name=\"twitter:data1\" content=\"2 minutes\" \/>\n<script type=\"application\/ld+json\" class=\"yoast-schema-graph\">{\"@context\":\"https:\/\/schema.org\",\"@graph\":[{\"@type\":\"WebPage\",\"@id\":\"https:\/\/lasersko-pjeskarenje.com\/en\/product\/3000w-laser-cleaning-machine\/\",\"url\":\"https:\/\/lasersko-pjeskarenje.com\/en\/product\/3000w-laser-cleaning-machine\/\",\"name\":\"3000W Laser Cleaning Machine - Brilliant lasersko \u010di\u0161\u0107enje \/ pjeskarenje\",\"isPartOf\":{\"@id\":\"https:\/\/lasersko-pjeskarenje.com\/#website\"},\"primaryImageOfPage\":{\"@id\":\"https:\/\/lasersko-pjeskarenje.com\/en\/product\/3000w-laser-cleaning-machine\/#primaryimage\"},\"image\":{\"@id\":\"https:\/\/lasersko-pjeskarenje.com\/en\/product\/3000w-laser-cleaning-machine\/#primaryimage\"},\"thumbnailUrl\":\"https:\/\/lasersko-pjeskarenje.com\/wp-content\/uploads\/2025\/05\/3000-1-1.avif\",\"datePublished\":\"2025-05-30T11:40:41+00:00\",\"dateModified\":\"2025-06-01T19:09:44+00:00\",\"breadcrumb\":{\"@id\":\"https:\/\/lasersko-pjeskarenje.com\/en\/product\/3000w-laser-cleaning-machine\/#breadcrumb\"},\"inLanguage\":\"en-US\",\"potentialAction\":[{\"@type\":\"ReadAction\",\"target\":[\"https:\/\/lasersko-pjeskarenje.com\/en\/product\/3000w-laser-cleaning-machine\/\"]}]},{\"@type\":\"ImageObject\",\"inLanguage\":\"en-US\",\"@id\":\"https:\/\/lasersko-pjeskarenje.com\/en\/product\/3000w-laser-cleaning-machine\/#primaryimage\",\"url\":\"https:\/\/lasersko-pjeskarenje.com\/wp-content\/uploads\/2025\/05\/3000-1-1.avif\",\"contentUrl\":\"https:\/\/lasersko-pjeskarenje.com\/wp-content\/uploads\/2025\/05\/3000-1-1.avif\",\"width\":700,\"height\":700,\"caption\":\"Laser za \u010di\u0161\u0107enje od 3000W kontinuirani\"},{\"@type\":\"BreadcrumbList\",\"@id\":\"https:\/\/lasersko-pjeskarenje.com\/en\/product\/3000w-laser-cleaning-machine\/#breadcrumb\",\"itemListElement\":[{\"@type\":\"ListItem\",\"position\":1,\"name\":\"Home\",\"item\":\"https:\/\/lasersko-pjeskarenje.com\/en\/\"},{\"@type\":\"ListItem\",\"position\":2,\"name\":\"Sale and rental of laser cleaning devices\",\"item\":\"https:\/\/lasersko-pjeskarenje.com\/en\/sale-and-rental-of-laser-cleaning-devices\/\"},{\"@type\":\"ListItem\",\"position\":3,\"name\":\"3000W Laser Cleaning Machine\"}]},{\"@type\":\"WebSite\",\"@id\":\"https:\/\/lasersko-pjeskarenje.com\/#website\",\"url\":\"https:\/\/lasersko-pjeskarenje.com\/\",\"name\":\"Brilliant lasersko \u010di\u0161\u0107enje \/ pjeskarenje\",\"description\":\"Rije\u0161enja za lasersko \u010di\u0161\u0107enje\",\"publisher\":{\"@id\":\"https:\/\/lasersko-pjeskarenje.com\/#organization\"},\"potentialAction\":[{\"@type\":\"SearchAction\",\"target\":{\"@type\":\"EntryPoint\",\"urlTemplate\":\"https:\/\/lasersko-pjeskarenje.com\/?s={search_term_string}\"},\"query-input\":{\"@type\":\"PropertyValueSpecification\",\"valueRequired\":true,\"valueName\":\"search_term_string\"}}],\"inLanguage\":\"en-US\"},{\"@type\":\"Organization\",\"@id\":\"https:\/\/lasersko-pjeskarenje.com\/#organization\",\"name\":\"Briliant lasersko \u010di\u0161\u0107enje\",\"url\":\"https:\/\/lasersko-pjeskarenje.com\/\",\"logo\":{\"@type\":\"ImageObject\",\"inLanguage\":\"en-US\",\"@id\":\"https:\/\/lasersko-pjeskarenje.com\/#\/schema\/logo\/image\/\",\"url\":\"https:\/\/lasersko-pjeskarenje.com\/wp-content\/uploads\/2024\/09\/logo4-1.svg\",\"contentUrl\":\"https:\/\/lasersko-pjeskarenje.com\/wp-content\/uploads\/2024\/09\/logo4-1.svg\",\"width\":123,\"height\":150,\"caption\":\"Briliant lasersko \u010di\u0161\u0107enje\"},\"image\":{\"@id\":\"https:\/\/lasersko-pjeskarenje.com\/#\/schema\/logo\/image\/\"},\"sameAs\":[\"https:\/\/www.youtube.com\/@Laserskopjeskarenje\"]}]}<\/script>\n<!-- \/ Yoast SEO plugin. -->","yoast_head_json":{"title":"3000W Laser Cleaning Machine - Brilliant lasersko \u010di\u0161\u0107enje \/ pjeskarenje","robots":{"index":"index","follow":"follow","max-snippet":"max-snippet:-1","max-image-preview":"max-image-preview:large","max-video-preview":"max-video-preview:-1"},"canonical":"https:\/\/lasersko-pjeskarenje.com\/en\/product\/3000w-laser-cleaning-machine\/","og_locale":"en_US","og_type":"article","og_title":"3000W Laser Cleaning Machine - Brilliant lasersko \u010di\u0161\u0107enje \/ pjeskarenje","og_description":"* The device price refers to the base product and included equipment.  3-year warranty  2 regular services included free of charge  Pre-purchase consultation  Comprehensive user training  Service available at our workshop in Zadar or on-site  Personal delivery and handover at your address  The 3000W laser cleaning machines utilize rapid laser\u00a0 for efficient surface cleaning. They are widely used in the industrial sector, electronics, and conservation for effective cleaning without damaging the underlying materials.","og_url":"https:\/\/lasersko-pjeskarenje.com\/en\/product\/3000w-laser-cleaning-machine\/","og_site_name":"Brilliant lasersko \u010di\u0161\u0107enje \/ pjeskarenje","article_modified_time":"2025-06-01T19:09:44+00:00","og_image":[{"width":700,"height":700,"url":"https:\/\/lasersko-pjeskarenje.com\/wp-content\/uploads\/2025\/05\/3000-1-1.avif","type":"image\/jpeg"}],"twitter_card":"summary_large_image","twitter_misc":{"Est. reading time":"2 minutes"},"schema":{"@context":"https:\/\/schema.org","@graph":[{"@type":"WebPage","@id":"https:\/\/lasersko-pjeskarenje.com\/en\/product\/3000w-laser-cleaning-machine\/","url":"https:\/\/lasersko-pjeskarenje.com\/en\/product\/3000w-laser-cleaning-machine\/","name":"3000W Laser Cleaning Machine - Brilliant lasersko \u010di\u0161\u0107enje \/ pjeskarenje","isPartOf":{"@id":"https:\/\/lasersko-pjeskarenje.com\/#website"},"primaryImageOfPage":{"@id":"https:\/\/lasersko-pjeskarenje.com\/en\/product\/3000w-laser-cleaning-machine\/#primaryimage"},"image":{"@id":"https:\/\/lasersko-pjeskarenje.com\/en\/product\/3000w-laser-cleaning-machine\/#primaryimage"},"thumbnailUrl":"https:\/\/lasersko-pjeskarenje.com\/wp-content\/uploads\/2025\/05\/3000-1-1.avif","datePublished":"2025-05-30T11:40:41+00:00","dateModified":"2025-06-01T19:09:44+00:00","breadcrumb":{"@id":"https:\/\/lasersko-pjeskarenje.com\/en\/product\/3000w-laser-cleaning-machine\/#breadcrumb"},"inLanguage":"en-US","potentialAction":[{"@type":"ReadAction","target":["https:\/\/lasersko-pjeskarenje.com\/en\/product\/3000w-laser-cleaning-machine\/"]}]},{"@type":"ImageObject","inLanguage":"en-US","@id":"https:\/\/lasersko-pjeskarenje.com\/en\/product\/3000w-laser-cleaning-machine\/#primaryimage","url":"https:\/\/lasersko-pjeskarenje.com\/wp-content\/uploads\/2025\/05\/3000-1-1.avif","contentUrl":"https:\/\/lasersko-pjeskarenje.com\/wp-content\/uploads\/2025\/05\/3000-1-1.avif","width":700,"height":700,"caption":"Laser za \u010di\u0161\u0107enje od 3000W kontinuirani"},{"@type":"BreadcrumbList","@id":"https:\/\/lasersko-pjeskarenje.com\/en\/product\/3000w-laser-cleaning-machine\/#breadcrumb","itemListElement":[{"@type":"ListItem","position":1,"name":"Home","item":"https:\/\/lasersko-pjeskarenje.com\/en\/"},{"@type":"ListItem","position":2,"name":"Sale and rental of laser cleaning devices","item":"https:\/\/lasersko-pjeskarenje.com\/en\/sale-and-rental-of-laser-cleaning-devices\/"},{"@type":"ListItem","position":3,"name":"3000W Laser Cleaning Machine"}]},{"@type":"WebSite","@id":"https:\/\/lasersko-pjeskarenje.com\/#website","url":"https:\/\/lasersko-pjeskarenje.com\/","name":"Brilliant lasersko \u010di\u0161\u0107enje \/ pjeskarenje","description":"Rije\u0161enja za lasersko \u010di\u0161\u0107enje","publisher":{"@id":"https:\/\/lasersko-pjeskarenje.com\/#organization"},"potentialAction":[{"@type":"SearchAction","target":{"@type":"EntryPoint","urlTemplate":"https:\/\/lasersko-pjeskarenje.com\/?s={search_term_string}"},"query-input":{"@type":"PropertyValueSpecification","valueRequired":true,"valueName":"search_term_string"}}],"inLanguage":"en-US"},{"@type":"Organization","@id":"https:\/\/lasersko-pjeskarenje.com\/#organization","name":"Briliant lasersko \u010di\u0161\u0107enje","url":"https:\/\/lasersko-pjeskarenje.com\/","logo":{"@type":"ImageObject","inLanguage":"en-US","@id":"https:\/\/lasersko-pjeskarenje.com\/#\/schema\/logo\/image\/","url":"https:\/\/lasersko-pjeskarenje.com\/wp-content\/uploads\/2024\/09\/logo4-1.svg","contentUrl":"https:\/\/lasersko-pjeskarenje.com\/wp-content\/uploads\/2024\/09\/logo4-1.svg","width":123,"height":150,"caption":"Briliant lasersko \u010di\u0161\u0107enje"},"image":{"@id":"https:\/\/lasersko-pjeskarenje.com\/#\/schema\/logo\/image\/"},"sameAs":["https:\/\/www.youtube.com\/@Laserskopjeskarenje"]}]}},"_links":{"self":[{"href":"https:\/\/lasersko-pjeskarenje.com\/en\/wp-json\/wp\/v2\/product\/890","targetHints":{"allow":["GET"]}}],"collection":[{"href":"https:\/\/lasersko-pjeskarenje.com\/en\/wp-json\/wp\/v2\/product"}],"about":[{"href":"https:\/\/lasersko-pjeskarenje.com\/en\/wp-json\/wp\/v2\/types\/product"}],"replies":[{"embeddable":true,"href":"https:\/\/lasersko-pjeskarenje.com\/en\/wp-json\/wp\/v2\/comments?post=890"}],"wp:featuredmedia":[{"embeddable":true,"href":"https:\/\/lasersko-pjeskarenje.com\/en\/wp-json\/wp\/v2\/media\/896"}],"wp:attachment":[{"href":"https:\/\/lasersko-pjeskarenje.com\/en\/wp-json\/wp\/v2\/media?parent=890"}],"wp:term":[{"taxonomy":"product_brand","embeddable":true,"href":"https:\/\/lasersko-pjeskarenje.com\/en\/wp-json\/wp\/v2\/product_brand?post=890"},{"taxonomy":"product_cat","embeddable":true,"href":"https:\/\/lasersko-pjeskarenje.com\/en\/wp-json\/wp\/v2\/product_cat?post=890"},{"taxonomy":"product_tag","embeddable":true,"href":"https:\/\/lasersko-pjeskarenje.com\/en\/wp-json\/wp\/v2\/product_tag?post=890"}],"curies":[{"name":"wp","href":"https:\/\/api.w.org\/{rel}","templated":true}]}}